{"id":1375,"date":"2017-10-17T11:11:58","date_gmt":"2017-10-17T09:11:58","guid":{"rendered":"http:\/\/ambroisezd.cluster023.hosting.ovh.net\/?page_id=1375"},"modified":"2024-02-02T09:44:00","modified_gmt":"2024-02-02T08:44:00","slug":"un-peu-dhistoire","status":"publish","type":"page","link":"https:\/\/www.ambroise-bouvier.com\/en\/qui-sommes-nous\/un-peu-dhistoire\/","title":{"rendered":"Un Peu d&#8217;Histoire"},"content":{"rendered":"<div id=\"pl-1375\"  class=\"panel-layout\" ><div id=\"pg-1375-0\"  class=\"panel-grid panel-no-style\" ><div id=\"pgc-1375-0-0\"  class=\"panel-grid-cell\" ><div id=\"panel-1375-0-0-0\" class=\"so-panel widget widget_sow-editor panel-first-child panel-last-child\" data-index=\"0\" ><div\n\t\t\t\n\t\t\tclass=\"so-widget-sow-editor so-widget-sow-editor-base\"\n\t\t\t\n\t\t>\n<div class=\"siteorigin-widget-tinymce textwidget\">\n\t<h5>A travers plus de 55 ans d\u2019exp\u00e9rience, les Transports Ambroise Bouvier s\u2019attachent \u00e0 d\u00e9velopper et \u00e9tendre leur savoir-faire.<\/h5>\n<\/div>\n<\/div><\/div><\/div><\/div><div id=\"pg-1375-1\"  class=\"panel-grid panel-no-style\" ><div id=\"pgc-1375-1-0\"  class=\"panel-grid-cell\" ><div id=\"panel-1375-1-0-0\" class=\"so-panel widget widget_sow-headline panel-first-child\" data-index=\"1\" ><div\n\t\t\t\n\t\t\tclass=\"so-widget-sow-headline so-widget-sow-headline-default-812609ae63d3-1375\"\n\t\t\t\n\t\t><div class=\"sow-headline-container \">\n\t\t\t\t\t\t\t<h3 class=\"sow-headline\">\n\t\t\t\t\t\tFondation\t\t\t\t\t\t<\/h3>\n\t\t\t\t\t\t\t\t\t\t\t<div class=\"decoration\">\n\t\t\t\t\t\t<div class=\"decoration-inside\"><\/div>\n\t\t\t\t\t<\/div>\n\t\t\t\t\t<\/div>\n<\/div><\/div><div id=\"panel-1375-1-0-1\" class=\"so-panel widget widget_sow-editor\" data-index=\"2\" ><div\n\t\t\t\n\t\t\tclass=\"so-widget-sow-editor so-widget-sow-editor-base\"\n\t\t\t\n\t\t>\n<div class=\"siteorigin-widget-tinymce textwidget\">\n\t<p>C\u2019est en 1959 que M. Maurice Bouvier ouvre, \u00e0 Larchamp (53), sa premi\u00e8re entreprise en son nom. En 1974, avec son fils Guy et sa fille Huguette, M. Bouvier fonde la <strong>Soci\u00e9t\u00e9 de Transports Maurice Bouvier<\/strong> (STMB).<\/p>\n<\/div>\n<\/div><\/div><div id=\"panel-1375-1-0-2\" class=\"so-panel widget widget_sow-hero panel-last-child\" data-index=\"3\" ><div\n\t\t\t\n\t\t\tclass=\"so-widget-sow-hero so-widget-sow-hero-default-f93f214aa417-1375 so-widget-fittext-wrapper\"\n\t\t\t data-fit-text-compressor=\"0.85\"\n\t\t>\t\t\t\t<div class=\"sow-slider-base\" style=\"display: none\" tabindex=\"0\">\n\t\t\t\t\t<ul\n\t\t\t\t\tclass=\"sow-slider-images\"\n\t\t\t\t\tdata-settings=\"{&quot;pagination&quot;:true,&quot;speed&quot;:800,&quot;timeout&quot;:8000,&quot;paused&quot;:false,&quot;pause_on_hover&quot;:false,&quot;swipe&quot;:true,&quot;nav_always_show_desktop&quot;:&quot;&quot;,&quot;nav_always_show_mobile&quot;:&quot;&quot;,&quot;breakpoint&quot;:&quot;780px&quot;,&quot;unmute&quot;:false,&quot;anchor&quot;:null}\"\n\t\t\t\t\tstyle=\"min-height: 500px\"\t\t\t\t\tdata-anchor-id=\"\"\n\t\t\t\t>\t\t<li class=\"sow-slider-image  sow-slider-image-cover\" style=\"visibility: visible;;background-color: #333333;background-image: url(https:\/\/i0.wp.com\/www.ambroise-bouvier.com\/wp-content\/uploads\/2017\/10\/IMG_20171024_143804_HDR_rec_web.jpg?fit=3422%2C2239&#038;ssl=1)\" >\n\t\t\t\t\t<div class=\"sow-slider-image-container\">\n\t\t\t<div class=\"sow-slider-image-wrapper\">\n\t\t\t\t\t\t\t<\/div>\n\t\t<\/div>\n\t\t\t\t<\/li>\n\t\t\t\t<li class=\"sow-slider-image  sow-slider-image-cover\" style=\"visibility: hidden;;background-color: #333333\" data-background=\"url(https:\/\/i0.wp.com\/www.ambroise-bouvier.com\/wp-content\/uploads\/2017\/10\/IMG_20171024_143826_HDR_rec_web.jpg?fit=2935%2C1885&#038;ssl=1)\" >\n\t\t\t\t\t<div class=\"sow-slider-image-container\">\n\t\t\t<div class=\"sow-slider-image-wrapper\">\n\t\t\t\t\t\t\t<\/div>\n\t\t<\/div>\n\t\t\t\t<\/li>\n\t\t\t\t<li class=\"sow-slider-image  sow-slider-image-cover\" style=\"visibility: hidden;;background-color: #333333\" data-background=\"url(https:\/\/i0.wp.com\/www.ambroise-bouvier.com\/wp-content\/uploads\/2017\/10\/IMG_20171024_143834_HDR_rec_web.jpg?fit=3336%2C2340&#038;ssl=1)\" >\n\t\t\t\t\t<div class=\"sow-slider-image-container\">\n\t\t\t<div class=\"sow-slider-image-wrapper\">\n\t\t\t\t\t\t\t<\/div>\n\t\t<\/div>\n\t\t\t\t<\/li>\n\t\t<\/ul>\t\t\t\t<ol class=\"sow-slider-pagination\">\n\t\t\t\t\t\t\t\t\t\t\t<li><a href=\"#\" data-goto=\"0\" aria-label=\"display slide 1\"><\/a><\/li>\n\t\t\t\t\t\t\t\t\t\t\t<li><a href=\"#\" data-goto=\"1\" aria-label=\"display slide 2\"><\/a><\/li>\n\t\t\t\t\t\t\t\t\t\t\t<li><a href=\"#\" data-goto=\"2\" aria-label=\"display slide 3\"><\/a><\/li>\n\t\t\t\t\t\t\t\t\t<\/ol>\n\n\t\t\t\t<div class=\"sow-slide-nav sow-slide-nav-next\">\n\t\t\t\t\t<a href=\"#\" data-goto=\"next\" aria-label=\"next slide\" data-action=\"next\">\n\t\t\t\t\t\t<em class=\"sow-sld-icon-thin-right\"><\/em>\n\t\t\t\t\t<\/a>\n\t\t\t\t<\/div>\n\n\t\t\t\t<div class=\"sow-slide-nav sow-slide-nav-prev\">\n\t\t\t\t\t<a href=\"#\" data-goto=\"previous\" aria-label=\"previous slide\" data-action=\"prev\">\n\t\t\t\t\t\t<em class=\"sow-sld-icon-thin-left\"><\/em>\n\t\t\t\t\t<\/a>\n\t\t\t\t<\/div>\n\t\t\t\t<\/div><\/div><\/div><\/div><\/div><div id=\"pg-1375-2\"  class=\"panel-grid panel-no-style\" ><div id=\"pgc-1375-2-0\"  class=\"panel-grid-cell\" ><div id=\"panel-1375-2-0-0\" class=\"so-panel widget widget_sow-image panel-first-child\" data-index=\"4\" ><div\n\t\t\t\n\t\t\tclass=\"so-widget-sow-image so-widget-sow-image-default-8b5b6f678277-1375\"\n\t\t\t\n\t\t>\n\n<div class=\"sow-image-container\">\n\t\t<img loading=\"lazy\" decoding=\"async\" src=\"https:\/\/i0.wp.com\/www.ambroise-bouvier.com\/wp-content\/uploads\/2023\/05\/tr-de-lan.png?fit=112%2C181&amp;ssl=1\" width=\"112\" height=\"181\" title=\"tr de l&#8217;an\" alt=\"\" \t\tclass=\"so-widget-image\"\/>\n\t<\/div>\n\n<\/div><\/div><div id=\"panel-1375-2-0-1\" class=\"so-panel widget widget_sow-image\" data-index=\"5\" ><div\n\t\t\t\n\t\t\tclass=\"so-widget-sow-image so-widget-sow-image-default-8b5b6f678277-1375\"\n\t\t\t\n\t\t>\n\n<div class=\"sow-image-container\">\n\t\t<img loading=\"lazy\" decoding=\"async\" src=\"https:\/\/i0.wp.com\/www.ambroise-bouvier.com\/wp-content\/uploads\/2023\/05\/flo-groupement_partenaire_gineston.jpg?fit=600%2C472&amp;ssl=1\" width=\"600\" height=\"472\" srcset=\"https:\/\/i0.wp.com\/www.ambroise-bouvier.com\/wp-content\/uploads\/2023\/05\/flo-groupement_partenaire_gineston.jpg?w=600&amp;ssl=1 600w, https:\/\/i0.wp.com\/www.ambroise-bouvier.com\/wp-content\/uploads\/2023\/05\/flo-groupement_partenaire_gineston.jpg?resize=300%2C236&amp;ssl=1 300w\" alt=\"\" \t\tclass=\"so-widget-image\"\/>\n\t<\/div>\n\n<\/div><\/div><div id=\"panel-1375-2-0-2\" class=\"so-panel widget widget_sow-image\" data-index=\"6\" ><div\n\t\t\t\n\t\t\tclass=\"so-widget-sow-image so-widget-sow-image-default-8b5b6f678277-1375\"\n\t\t\t\n\t\t>\n\n<div class=\"sow-image-container\">\n\t\t<img loading=\"lazy\" decoding=\"async\" src=\"https:\/\/i0.wp.com\/www.ambroise-bouvier.com\/wp-content\/uploads\/2023\/05\/pour-combler.png?fit=179%2C153&amp;ssl=1\" width=\"179\" height=\"153\" title=\"pour combler\" alt=\"\" \t\tclass=\"so-widget-image\"\/>\n\t<\/div>\n\n<\/div><\/div><div id=\"panel-1375-2-0-3\" class=\"so-panel widget widget_sow-image\" data-index=\"7\" ><div\n\t\t\t\n\t\t\tclass=\"so-widget-sow-image so-widget-sow-image-default-8b5b6f678277-1375\"\n\t\t\t\n\t\t>\n\n<div class=\"sow-image-container\">\n\t\t<img loading=\"lazy\" decoding=\"async\" src=\"https:\/\/i0.wp.com\/www.ambroise-bouvier.com\/wp-content\/uploads\/2017\/10\/Logo-Label-CO2-TRM-2017-2020-RVB.jpg?fit=185%2C237&amp;ssl=1\" width=\"185\" height=\"237\" title=\"Impression\" alt=\"\" \t\tclass=\"so-widget-image\"\/>\n\t<\/div>\n\n<\/div><\/div><div id=\"panel-1375-2-0-4\" class=\"so-panel widget widget_sow-image\" data-index=\"8\" ><div\n\t\t\t\n\t\t\tclass=\"so-widget-sow-image so-widget-sow-image-default-8b5b6f678277-1375\"\n\t\t\t\n\t\t>\n\n<div class=\"sow-image-container\">\n\t\t<img loading=\"lazy\" decoding=\"async\" src=\"https:\/\/i0.wp.com\/www.ambroise-bouvier.com\/wp-content\/uploads\/2023\/05\/pour-combler.png?fit=179%2C153&amp;ssl=1\" width=\"179\" height=\"153\" title=\"pour combler\" alt=\"\" \t\tclass=\"so-widget-image\"\/>\n\t<\/div>\n\n<\/div><\/div><div id=\"panel-1375-2-0-5\" class=\"so-panel widget widget_sow-image\" data-index=\"9\" ><div\n\t\t\t\n\t\t\tclass=\"so-widget-sow-image so-widget-sow-image-default-8b5b6f678277-1375\"\n\t\t\t\n\t\t>\n\n<div class=\"sow-image-container\">\n\t\t<img loading=\"lazy\" decoding=\"async\" src=\"https:\/\/i0.wp.com\/www.ambroise-bouvier.com\/wp-content\/uploads\/2021\/05\/LABEL-ECOVADIS-e1621415023715.png?fit=150%2C150&amp;ssl=1\" width=\"150\" height=\"150\" title=\"LABEL ECOVADIS\" alt=\"\" \t\tclass=\"so-widget-image\"\/>\n\t<\/div>\n\n<\/div><\/div><div id=\"panel-1375-2-0-6\" class=\"so-panel widget widget_sow-image panel-last-child\" data-index=\"10\" ><div\n\t\t\t\n\t\t\tclass=\"so-widget-sow-image so-widget-sow-image-default-8b5b6f678277-1375\"\n\t\t\t\n\t\t>\n\n<div class=\"sow-image-container\">\n\t\t<img loading=\"lazy\" decoding=\"async\" src=\"https:\/\/i0.wp.com\/www.ambroise-bouvier.com\/wp-content\/uploads\/2024\/02\/logo_trv_objectif_co2_2023_2026.png?fit=987%2C1226&amp;ssl=1\" width=\"987\" height=\"1226\" srcset=\"https:\/\/i0.wp.com\/www.ambroise-bouvier.com\/wp-content\/uploads\/2024\/02\/logo_trv_objectif_co2_2023_2026.png?w=987&amp;ssl=1 987w, https:\/\/i0.wp.com\/www.ambroise-bouvier.com\/wp-content\/uploads\/2024\/02\/logo_trv_objectif_co2_2023_2026.png?resize=242%2C300&amp;ssl=1 242w, https:\/\/i0.wp.com\/www.ambroise-bouvier.com\/wp-content\/uploads\/2024\/02\/logo_trv_objectif_co2_2023_2026.png?resize=768%2C954&amp;ssl=1 768w, https:\/\/i0.wp.com\/www.ambroise-bouvier.com\/wp-content\/uploads\/2024\/02\/logo_trv_objectif_co2_2023_2026.png?resize=824%2C1024&amp;ssl=1 824w\" alt=\"\" \t\tclass=\"so-widget-image\"\/>\n\t<\/div>\n\n<\/div><\/div><\/div><div id=\"pgc-1375-2-1\"  class=\"panel-grid-cell\" ><div id=\"panel-1375-2-1-0\" class=\"so-panel widget widget_sow-editor panel-first-child\" data-index=\"11\" ><div class=\"panel-widget-style panel-widget-style-for-1375-2-1-0\" ><div\n\t\t\t\n\t\t\tclass=\"so-widget-sow-editor so-widget-sow-editor-base\"\n\t\t\t\n\t\t><h3 class=\"widget-title\">1996 :<\/h3>\n<div class=\"siteorigin-widget-tinymce textwidget\">\n\t<ul>\n<li>Huguette Ambroise re\u00e7oit le prix du transporteur de l'ann\u00e9e.<\/li>\n<\/ul>\n<\/div>\n<\/div><\/div><\/div><div id=\"panel-1375-2-1-1\" class=\"so-panel widget widget_sow-editor\" data-index=\"12\" ><div class=\"panel-widget-style panel-widget-style-for-1375-2-1-1\" ><div\n\t\t\t\n\t\t\tclass=\"so-widget-sow-editor so-widget-sow-editor-base\"\n\t\t\t\n\t\t><h3 class=\"widget-title\">2009 :<\/h3>\n<div class=\"siteorigin-widget-tinymce textwidget\">\n\t<ul>\n<li>Int\u00e9gration au groupement FLO<\/li>\n<\/ul>\n<\/div>\n<\/div><\/div><\/div><div id=\"panel-1375-2-1-2\" class=\"so-panel widget widget_sow-editor\" data-index=\"13\" ><div class=\"panel-widget-style panel-widget-style-for-1375-2-1-2\" ><div\n\t\t\t\n\t\t\tclass=\"so-widget-sow-editor so-widget-sow-editor-base\"\n\t\t\t\n\t\t><h3 class=\"widget-title\">2015 :<\/h3>\n<div class=\"siteorigin-widget-tinymce textwidget\">\n\t<ul>\n<li>Prix QSE Renault<\/li>\n<\/ul>\n<\/div>\n<\/div><\/div><\/div><div id=\"panel-1375-2-1-3\" class=\"so-panel widget widget_sow-editor\" data-index=\"14\" ><div class=\"panel-widget-style panel-widget-style-for-1375-2-1-3\" ><div\n\t\t\t\n\t\t\tclass=\"so-widget-sow-editor so-widget-sow-editor-base\"\n\t\t\t\n\t\t><h3 class=\"widget-title\">2017 :<\/h3>\n<div class=\"siteorigin-widget-tinymce textwidget\">\n\t<ul>\n<li>Objectif CO2<\/li>\n<li>Label CO2 ADEME<\/li>\n<\/ul>\n<\/div>\n<\/div><\/div><\/div><div id=\"panel-1375-2-1-4\" class=\"so-panel widget widget_sow-editor\" data-index=\"15\" ><div class=\"panel-widget-style panel-widget-style-for-1375-2-1-4\" ><div\n\t\t\t\n\t\t\tclass=\"so-widget-sow-editor so-widget-sow-editor-base\"\n\t\t\t\n\t\t><h3 class=\"widget-title\">2019 :<\/h3>\n<div class=\"siteorigin-widget-tinymce textwidget\">\n\t<ul>\n<li>Prix de l'innovation de l'ann\u00e9e et de l'agilit\u00e9 Renault<\/li>\n<\/ul>\n<\/div>\n<\/div><\/div><\/div><div id=\"panel-1375-2-1-5\" class=\"so-panel widget widget_sow-editor\" data-index=\"16\" ><div class=\"panel-widget-style panel-widget-style-for-1375-2-1-5\" ><div\n\t\t\t\n\t\t\tclass=\"so-widget-sow-editor so-widget-sow-editor-base\"\n\t\t\t\n\t\t><h3 class=\"widget-title\">2021 :<\/h3>\n<div class=\"siteorigin-widget-tinymce textwidget\">\n\t<ul>\n<li>Ecovadis Gold<\/li>\n<li>Les premier camions gaz<\/li>\n<\/ul>\n<\/div>\n<\/div><\/div><\/div><div id=\"panel-1375-2-1-6\" class=\"so-panel widget widget_sow-editor panel-last-child\" data-index=\"17\" ><div class=\"panel-widget-style panel-widget-style-for-1375-2-1-6\" ><div\n\t\t\t\n\t\t\tclass=\"so-widget-sow-editor so-widget-sow-editor-base\"\n\t\t\t\n\t\t><h3 class=\"widget-title\">2023 :<\/h3>\n<div class=\"siteorigin-widget-tinymce textwidget\">\n\t<ul>\n<li>Le photovolta\u00efque<\/li>\n<li>Les premiers camions OLEO 100<\/li>\n<li>Label Objectif CO2<\/li>\n<\/ul>\n<\/div>\n<\/div><\/div><\/div><\/div><\/div><div id=\"pg-1375-3\"  class=\"panel-grid panel-no-style\" ><div id=\"pgc-1375-3-0\"  class=\"panel-grid-cell panel-grid-cell-empty\" ><\/div><\/div><div id=\"pg-1375-4\"  class=\"panel-grid panel-no-style\" ><div id=\"pgc-1375-4-0\"  class=\"panel-grid-cell\" ><div id=\"panel-1375-4-0-0\" class=\"so-panel widget widget_sow-hero panel-first-child panel-last-child\" data-index=\"18\" ><div\n\t\t\t\n\t\t\tclass=\"so-widget-sow-hero so-widget-sow-hero-default-f93f214aa417-1375 so-widget-fittext-wrapper\"\n\t\t\t data-fit-text-compressor=\"0.85\"\n\t\t>\t\t\t\t<div class=\"sow-slider-base\" style=\"display: none\" tabindex=\"0\">\n\t\t\t\t\t<ul\n\t\t\t\t\tclass=\"sow-slider-images\"\n\t\t\t\t\tdata-settings=\"{&quot;pagination&quot;:true,&quot;speed&quot;:800,&quot;timeout&quot;:8000,&quot;paused&quot;:false,&quot;pause_on_hover&quot;:false,&quot;swipe&quot;:true,&quot;nav_always_show_desktop&quot;:&quot;&quot;,&quot;nav_always_show_mobile&quot;:&quot;&quot;,&quot;breakpoint&quot;:&quot;780px&quot;,&quot;unmute&quot;:false,&quot;anchor&quot;:null}\"\n\t\t\t\t\tstyle=\"min-height: 500px\"\t\t\t\t\tdata-anchor-id=\"\"\n\t\t\t\t>\t\t<li class=\"sow-slider-image  sow-slider-image-cover\" style=\"visibility: visible;;background-color: #333333;background-image: url(https:\/\/i0.wp.com\/www.ambroise-bouvier.com\/wp-content\/uploads\/2017\/10\/IMG_3605_web.jpg?fit=3264%2C2448&#038;ssl=1)\" >\n\t\t\t\t\t<div class=\"sow-slider-image-container\">\n\t\t\t<div class=\"sow-slider-image-wrapper\">\n\t\t\t\t\t\t\t<\/div>\n\t\t<\/div>\n\t\t\t\t<\/li>\n\t\t\t\t<li class=\"sow-slider-image  sow-slider-image-cover\" style=\"visibility: hidden;;background-color: #333333\" data-background=\"url(https:\/\/i0.wp.com\/www.ambroise-bouvier.com\/wp-content\/uploads\/2017\/10\/IMG_2591_web.jpg?fit=3264%2C2448&#038;ssl=1)\" >\n\t\t\t\t\t<div class=\"sow-slider-image-container\">\n\t\t\t<div class=\"sow-slider-image-wrapper\">\n\t\t\t\t\t\t\t<\/div>\n\t\t<\/div>\n\t\t\t\t<\/li>\n\t\t\t\t<li class=\"sow-slider-image  sow-slider-image-cover\" style=\"visibility: hidden;;background-color: #333333\" data-background=\"url(https:\/\/i0.wp.com\/www.ambroise-bouvier.com\/wp-content\/uploads\/2017\/10\/DSCN2872_web-1.jpg?fit=3648%2C2736&#038;ssl=1)\" >\n\t\t\t\t\t<div class=\"sow-slider-image-container\">\n\t\t\t<div class=\"sow-slider-image-wrapper\">\n\t\t\t\t\t\t\t<\/div>\n\t\t<\/div>\n\t\t\t\t<\/li>\n\t\t\t\t<li class=\"sow-slider-image  sow-slider-image-cover\" style=\"visibility: hidden;;background-color: #333333\" data-background=\"url(https:\/\/i0.wp.com\/www.ambroise-bouvier.com\/wp-content\/uploads\/2017\/10\/IMG_20170803_115456_HDR_web.jpg?fit=4160%2C2340&#038;ssl=1)\" >\n\t\t\t\t\t<div class=\"sow-slider-image-container\">\n\t\t\t<div class=\"sow-slider-image-wrapper\">\n\t\t\t\t\t\t\t<\/div>\n\t\t<\/div>\n\t\t\t\t<\/li>\n\t\t\t\t<li class=\"sow-slider-image  sow-slider-image-cover\" style=\"visibility: hidden;;background-color: #333333\" data-background=\"url(https:\/\/i0.wp.com\/www.ambroise-bouvier.com\/wp-content\/uploads\/2017\/10\/mercedes-1.jpg?fit=960%2C720&#038;ssl=1)\" >\n\t\t\t\t\t<div class=\"sow-slider-image-container\">\n\t\t\t<div class=\"sow-slider-image-wrapper\">\n\t\t\t\t\t\t\t<\/div>\n\t\t<\/div>\n\t\t\t\t<\/li>\n\t\t\t\t<li class=\"sow-slider-image  sow-slider-image-cover\" style=\"visibility: hidden;;background-color: #333333\" data-background=\"url(https:\/\/i0.wp.com\/www.ambroise-bouvier.com\/wp-content\/uploads\/2017\/10\/IMG_20170808_153023_HDR_web.jpg?fit=4160%2C2340&#038;ssl=1)\" >\n\t\t\t\t\t<div class=\"sow-slider-image-container\">\n\t\t\t<div class=\"sow-slider-image-wrapper\">\n\t\t\t\t\t\t\t<\/div>\n\t\t<\/div>\n\t\t\t\t<\/li>\n\t\t<\/ul>\t\t\t\t<ol class=\"sow-slider-pagination\">\n\t\t\t\t\t\t\t\t\t\t\t<li><a href=\"#\" data-goto=\"0\" aria-label=\"display slide 1\"><\/a><\/li>\n\t\t\t\t\t\t\t\t\t\t\t<li><a href=\"#\" data-goto=\"1\" aria-label=\"display slide 2\"><\/a><\/li>\n\t\t\t\t\t\t\t\t\t\t\t<li><a href=\"#\" data-goto=\"2\" aria-label=\"display slide 3\"><\/a><\/li>\n\t\t\t\t\t\t\t\t\t\t\t<li><a href=\"#\" data-goto=\"3\" aria-label=\"display slide 4\"><\/a><\/li>\n\t\t\t\t\t\t\t\t\t\t\t<li><a href=\"#\" data-goto=\"4\" aria-label=\"display slide 5\"><\/a><\/li>\n\t\t\t\t\t\t\t\t\t\t\t<li><a href=\"#\" data-goto=\"5\" aria-label=\"display slide 6\"><\/a><\/li>\n\t\t\t\t\t\t\t\t\t<\/ol>\n\n\t\t\t\t<div class=\"sow-slide-nav sow-slide-nav-next\">\n\t\t\t\t\t<a href=\"#\" data-goto=\"next\" aria-label=\"next slide\" data-action=\"next\">\n\t\t\t\t\t\t<em class=\"sow-sld-icon-thin-right\"><\/em>\n\t\t\t\t\t<\/a>\n\t\t\t\t<\/div>\n\n\t\t\t\t<div class=\"sow-slide-nav sow-slide-nav-prev\">\n\t\t\t\t\t<a href=\"#\" data-goto=\"previous\" aria-label=\"previous slide\" data-action=\"prev\">\n\t\t\t\t\t\t<em class=\"sow-sld-icon-thin-left\"><\/em>\n\t\t\t\t\t<\/a>\n\t\t\t\t<\/div>\n\t\t\t\t<\/div><\/div><\/div><\/div><\/div><\/div>","protected":false},"excerpt":{"rendered":"<p>A travers plus de 55 ans d\u2019exp\u00e9rience, les Transports Ambroise Bouvier s\u2019attachent \u00e0 d\u00e9velopper et \u00e9tendre leur savoir-faire. C\u2019est en 1959 que M. Maurice Bouvier ouvre, \u00e0 Larchamp (53), sa &#8230;<\/p>\n","protected":false},"author":1,"featured_media":1725,"parent":1373,"menu_order":0,"comment_status":"closed","ping_status":"closed","template":"template-fullwidth.php","meta":{"jetpack_post_was_ever_published":false,"footnotes":""},"class_list":["post-1375","page","type-page","status-publish","has-post-thumbnail","hentry"],"jetpack_sharing_enabled":true,"jetpack_shortlink":"https:\/\/wp.me\/P9jkdM-mb","jetpack_likes_enabled":true,"jetpack-related-posts":[],"_links":{"self":[{"href":"https:\/\/www.ambroise-bouvier.com\/en\/wp-json\/wp\/v2\/pages\/1375\/"}],"collection":[{"href":"https:\/\/www.ambroise-bouvier.com\/en\/wp-json\/wp\/v2\/pages\/"}],"about":[{"href":"https:\/\/www.ambroise-bouvier.com\/en\/wp-json\/wp\/v2\/types\/page\/"}],"author":[{"embeddable":true,"href":"https:\/\/www.ambroise-bouvier.com\/en\/wp-json\/wp\/v2\/users\/1\/"}],"replies":[{"embeddable":true,"href":"https:\/\/www.ambroise-bouvier.com\/en\/wp-json\/wp\/v2\/comments\/?post=1375"}],"version-history":[{"count":36,"href":"https:\/\/www.ambroise-bouvier.com\/en\/wp-json\/wp\/v2\/pages\/1375\/revisions\/"}],"predecessor-version":[{"id":18733,"href":"https:\/\/www.ambroise-bouvier.com\/en\/wp-json\/wp\/v2\/pages\/1375\/revisions\/18733\/"}],"up":[{"embeddable":true,"href":"https:\/\/www.ambroise-bouvier.com\/en\/wp-json\/wp\/v2\/pages\/1373\/"}],"wp:featuredmedia":[{"embeddable":true,"href":"https:\/\/www.ambroise-bouvier.com\/en\/wp-json\/wp\/v2\/media\/1725\/"}],"wp:attachment":[{"href":"https:\/\/www.ambroise-bouvier.com\/en\/wp-json\/wp\/v2\/media\/?parent=1375"}],"curies":[{"name":"wp","href":"https:\/\/api.w.org\/{rel}","templated":true}]}}