{"id":1382,"date":"2017-10-17T11:17:43","date_gmt":"2017-10-17T09:17:43","guid":{"rendered":"http:\/\/ambroisezd.cluster023.hosting.ovh.net\/?page_id=1382"},"modified":"2024-01-04T16:11:53","modified_gmt":"2024-01-04T15:11:53","slug":"qualite","status":"publish","type":"page","link":"https:\/\/www.ambroise-bouvier.com\/en\/engagements\/qualite\/","title":{"rendered":"Qualit\u00e9"},"content":{"rendered":"<div id=\"pl-1382\"  class=\"panel-layout\" ><div id=\"pg-1382-0\"  class=\"panel-grid panel-no-style\" ><div id=\"pgc-1382-0-0\"  class=\"panel-grid-cell\" ><div id=\"panel-1382-0-0-0\" class=\"so-panel widget widget_sow-editor panel-first-child panel-last-child\" data-index=\"0\" ><div\n\t\t\t\n\t\t\tclass=\"so-widget-sow-editor so-widget-sow-editor-base\"\n\t\t\t\n\t\t>\n<div class=\"siteorigin-widget-tinymce textwidget\">\n\t<p>Une d\u00e9marche qualit\u00e9 au service de la satisfaction de nos clients<\/p>\n<ul>\n<li>Nous sommes certifi\u00e9s QUALIMAT pour le transport en vrac.<\/li>\n<li>Nous sommes certifi\u00e9s ISO 9001 version 2015 pour le transport et logistique.<\/li>\n<li>100% de nos clients, dont certains de plus de 30 ans, sont satisfaits de notre qualit\u00e9 de service.<\/li>\n<li>Nous assurons 98% des livraisons \u00e0 l\u2019heure demand\u00e9e par le client.<\/li>\n<li>Nous sommes \u00e0 l\u2019\u00e9coute de nos clients afin d\u2019adapter les moyens en pro-action et r\u00e9action. Nos ma\u00eetre mots ? Anticipation, R\u00e9activit\u00e9, Disponibilit\u00e9, Adaptabilit\u00e9.<\/li>\n<\/ul>\n<\/div>\n<\/div><\/div><\/div><\/div><div id=\"pg-1382-1\"  class=\"panel-grid panel-no-style\" ><div id=\"pgc-1382-1-0\"  class=\"panel-grid-cell\" ><div id=\"panel-1382-1-0-0\" class=\"so-panel widget widget_lsow-testimonials panel-first-child panel-last-child\" data-index=\"1\" ><div\n\t\t\t\n\t\t\tclass=\"so-widget-lsow-testimonials so-widget-lsow-testimonials-default-d75171398898-1382\"\n\t\t\t\n\t\t>\r\n<div class=\"lsow-testimonials lsow-grid-container  lsow-grid-desktop-1 lsow-grid-tablet-2 lsow-grid-mobile-1\"><div class=\"lsow-grid-item lsow-testimonial \" ><div class=\"lsow-testimonial-text\"><p>\u00abJe travaille sur l\u2019aspect qualit\u00e9, en partenariat avec les responsables d\u2019exploitation. Nous sommes en recherche permanente de l\u2019am\u00e9lioration de la satisfaction clients dans le respect de la r\u00e9glementation et de nos proc\u00e9dures internes.<br \/>Pour la partie s\u00e9curit\u00e9, je veille \u00e0 la mise en conformit\u00e9 en respectant les obligations l\u00e9gales. L\u2019animation de r\u00e9unions, en tant que secr\u00e9taire CHSCT, me permet d\u2019identifier les risques et ainsi mettre en place les moyens de pr\u00e9vention.\u00bb<\/p>\n<\/div><div class=\"lsow-testimonial-user\"><div class=\"lsow-image-wrapper\"><img loading=\"lazy\" decoding=\"async\" width=\"120\" height=\"120\" src=\"https:\/\/i0.wp.com\/www.ambroise-bouvier.com\/wp-content\/uploads\/2017\/10\/image_femme.png?resize=120%2C120&amp;ssl=1\" class=\"lsow-image full\" alt=\"\" data-attachment-id=\"1499\" data-permalink=\"https:\/\/www.ambroise-bouvier.com\/en\/references\/image_femme\/\" data-orig-file=\"https:\/\/i0.wp.com\/www.ambroise-bouvier.com\/wp-content\/uploads\/2017\/10\/image_femme.png?fit=120%2C120&amp;ssl=1\" data-orig-size=\"120,120\" data-comments-opened=\"1\" data-image-meta=\"{&quot;aperture&quot;:&quot;0&quot;,&quot;credit&quot;:&quot;&quot;,&quot;camera&quot;:&quot;&quot;,&quot;caption&quot;:&quot;&quot;,&quot;created_timestamp&quot;:&quot;0&quot;,&quot;copyright&quot;:&quot;&quot;,&quot;focal_length&quot;:&quot;0&quot;,&quot;iso&quot;:&quot;0&quot;,&quot;shutter_speed&quot;:&quot;0&quot;,&quot;title&quot;:&quot;&quot;,&quot;orientation&quot;:&quot;0&quot;}\" data-image-title=\"image_femme\" data-image-description=\"\" data-image-caption=\"\" data-medium-file=\"https:\/\/i0.wp.com\/www.ambroise-bouvier.com\/wp-content\/uploads\/2017\/10\/image_femme.png?fit=120%2C120&amp;ssl=1\" data-large-file=\"https:\/\/i0.wp.com\/www.ambroise-bouvier.com\/wp-content\/uploads\/2017\/10\/image_femme.png?fit=120%2C120&amp;ssl=1\" tabindex=\"0\" role=\"button\" \/><\/div><div class=\"lsow-text\"><h3 class=\"lsow-author-name\">Sandrine LEBANSAIS-GROUSSARD<\/h3><div class=\"lsow-author-credentials\">Assistante Qualit\u00e9, Hygi\u00e8ne et S\u00e9curit\u00e9, Ambroise Bouvier<\/div><\/div><!-- .lsow-text --><\/div><!-- .lsow-testimonial-user --><\/div><!-- .lsow-testimonial --><\/div><!-- .lsow-testimonials --><div class=\"lsow-clear\"><\/div><\/div><\/div><\/div><div id=\"pgc-1382-1-1\"  class=\"panel-grid-cell\" ><div id=\"panel-1382-1-1-0\" class=\"so-panel widget widget_sow-image panel-first-child panel-last-child\" data-index=\"2\" ><div\n\t\t\t\n\t\t\tclass=\"so-widget-sow-image so-widget-sow-image-default-c67d20f9f743-1382\"\n\t\t\t\n\t\t>\n\n<div class=\"sow-image-container\">\n\t\t<img loading=\"lazy\" decoding=\"async\" src=\"https:\/\/i0.wp.com\/www.ambroise-bouvier.com\/wp-content\/uploads\/2017\/10\/iso-9001-2015.png?fit=400%2C400&amp;ssl=1\" width=\"400\" height=\"400\" srcset=\"https:\/\/i0.wp.com\/www.ambroise-bouvier.com\/wp-content\/uploads\/2017\/10\/iso-9001-2015.png?w=400&amp;ssl=1 400w, https:\/\/i0.wp.com\/www.ambroise-bouvier.com\/wp-content\/uploads\/2017\/10\/iso-9001-2015.png?resize=150%2C150&amp;ssl=1 150w, https:\/\/i0.wp.com\/www.ambroise-bouvier.com\/wp-content\/uploads\/2017\/10\/iso-9001-2015.png?resize=300%2C300&amp;ssl=1 300w\" alt=\"\" \t\tclass=\"so-widget-image\"\/>\n\t<\/div>\n\n<\/div><\/div><\/div><div id=\"pgc-1382-1-2\"  class=\"panel-grid-cell\" ><div id=\"panel-1382-1-2-0\" class=\"so-panel widget widget_sow-image panel-first-child panel-last-child\" data-index=\"3\" ><div\n\t\t\t\n\t\t\tclass=\"so-widget-sow-image so-widget-sow-image-default-c67d20f9f743-1382\"\n\t\t\t\n\t\t>\n\n<div class=\"sow-image-container\">\n\t\t<img loading=\"lazy\" decoding=\"async\" src=\"https:\/\/i0.wp.com\/www.ambroise-bouvier.com\/wp-content\/uploads\/2017\/10\/qualimat.png?fit=470%2C277&amp;ssl=1\" width=\"470\" height=\"277\" srcset=\"https:\/\/i0.wp.com\/www.ambroise-bouvier.com\/wp-content\/uploads\/2017\/10\/qualimat.png?w=470&amp;ssl=1 470w, https:\/\/i0.wp.com\/www.ambroise-bouvier.com\/wp-content\/uploads\/2017\/10\/qualimat.png?resize=300%2C177&amp;ssl=1 300w\" alt=\"\" \t\tclass=\"so-widget-image\"\/>\n\t<\/div>\n\n<\/div><\/div><\/div><\/div><\/div>","protected":false},"excerpt":{"rendered":"<p>Une d\u00e9marche qualit\u00e9 au service de la satisfaction de nos clients Nous sommes certifi\u00e9s QUALIMAT pour le transport en vrac. Nous sommes certifi\u00e9s ISO 9001 version 2015 pour le transport &#8230;<\/p>\n","protected":false},"author":1,"featured_media":0,"parent":1812,"menu_order":0,"comment_status":"closed","ping_status":"closed","template":"","meta":{"jetpack_post_was_ever_published":false,"footnotes":""},"class_list":["post-1382","page","type-page","status-publish","hentry"],"jetpack_sharing_enabled":true,"jetpack_shortlink":"https:\/\/wp.me\/P9jkdM-mi","jetpack_likes_enabled":true,"jetpack-related-posts":[],"_links":{"self":[{"href":"https:\/\/www.ambroise-bouvier.com\/en\/wp-json\/wp\/v2\/pages\/1382\/"}],"collection":[{"href":"https:\/\/www.ambroise-bouvier.com\/en\/wp-json\/wp\/v2\/pages\/"}],"about":[{"href":"https:\/\/www.ambroise-bouvier.com\/en\/wp-json\/wp\/v2\/types\/page\/"}],"author":[{"embeddable":true,"href":"https:\/\/www.ambroise-bouvier.com\/en\/wp-json\/wp\/v2\/users\/1\/"}],"replies":[{"embeddable":true,"href":"https:\/\/www.ambroise-bouvier.com\/en\/wp-json\/wp\/v2\/comments\/?post=1382"}],"version-history":[{"count":14,"href":"https:\/\/www.ambroise-bouvier.com\/en\/wp-json\/wp\/v2\/pages\/1382\/revisions\/"}],"predecessor-version":[{"id":18394,"href":"https:\/\/www.ambroise-bouvier.com\/en\/wp-json\/wp\/v2\/pages\/1382\/revisions\/18394\/"}],"up":[{"embeddable":true,"href":"https:\/\/www.ambroise-bouvier.com\/en\/wp-json\/wp\/v2\/pages\/1812\/"}],"wp:attachment":[{"href":"https:\/\/www.ambroise-bouvier.com\/en\/wp-json\/wp\/v2\/media\/?parent=1382"}],"curies":[{"name":"wp","href":"https:\/\/api.w.org\/{rel}","templated":true}]}}