{"id":1384,"date":"2017-10-17T11:17:55","date_gmt":"2017-10-17T09:17:55","guid":{"rendered":"http:\/\/ambroisezd.cluster023.hosting.ovh.net\/?page_id=1384"},"modified":"2023-05-12T12:56:36","modified_gmt":"2023-05-12T10:56:36","slug":"securite","status":"publish","type":"page","link":"https:\/\/www.ambroise-bouvier.com\/en\/engagements\/securite\/","title":{"rendered":"S\u00e9curit\u00e9"},"content":{"rendered":"<div id=\"pl-1384\"  class=\"panel-layout\" ><div id=\"pg-1384-0\"  class=\"panel-grid panel-no-style\" ><div id=\"pgc-1384-0-0\"  class=\"panel-grid-cell\" ><div id=\"panel-1384-0-0-0\" class=\"so-panel widget widget_sow-editor panel-first-child panel-last-child\" data-index=\"0\" ><div\n\t\t\t\n\t\t\tclass=\"so-widget-sow-editor so-widget-sow-editor-base\"\n\t\t\t\n\t\t>\n<div class=\"siteorigin-widget-tinymce textwidget\">\n\t<p>Assurer la s\u00e9curit\u00e9 des hommes et des biens :<\/p>\n<ul>\n<li>Nous enregistrons 1 accident responsable tous les 800 000 km. Cette performance, nous l\u2019obtenons gr\u00e2ce \u00e0 une politique de formation continue de nos conducteurs qui en font des collaborateurs tr\u00e8s qualifi\u00e9s.<\/li>\n<li>L\u2019\u00e2ge moyen de nos conducteurs est de 42 ans.<\/li>\n<li>Chacun de nos 700 conducteurs se voit attribuer un v\u00e9hicule. Chaque conducteur est ainsi responsable de son mat\u00e9riel.<\/li>\n<li>Tous nos v\u00e9hicules sont g\u00e9olocalis\u00e9s ce qui garantit :<br \/>\n- une tra\u00e7abilit\u00e9 des marchandises<br \/>\n- un suivi de la consommation en CO2<\/li>\n<\/ul>\n<\/div>\n<\/div><\/div><\/div><\/div><div id=\"pg-1384-1\"  class=\"panel-grid panel-no-style\" ><div id=\"pgc-1384-1-0\"  class=\"panel-grid-cell\" ><div id=\"panel-1384-1-0-0\" class=\"so-panel widget widget_sow-image panel-first-child panel-last-child\" data-index=\"1\" ><div\n\t\t\t\n\t\t\tclass=\"so-widget-sow-image so-widget-sow-image-default-c67d20f9f743-1384\"\n\t\t\t\n\t\t>\n\n<div class=\"sow-image-container\">\n\t\t<img loading=\"lazy\" decoding=\"async\" src=\"https:\/\/i0.wp.com\/www.ambroise-bouvier.com\/wp-content\/uploads\/2017\/10\/engagement_securite2.png?fit=317%2C238&amp;ssl=1\" width=\"317\" height=\"238\" srcset=\"https:\/\/i0.wp.com\/www.ambroise-bouvier.com\/wp-content\/uploads\/2017\/10\/engagement_securite2.png?w=317&amp;ssl=1 317w, https:\/\/i0.wp.com\/www.ambroise-bouvier.com\/wp-content\/uploads\/2017\/10\/engagement_securite2.png?resize=300%2C225&amp;ssl=1 300w\" alt=\"\" \t\tclass=\"so-widget-image\"\/>\n\t<\/div>\n\n<\/div><\/div><\/div><div id=\"pgc-1384-1-1\"  class=\"panel-grid-cell\" ><div id=\"panel-1384-1-1-0\" class=\"so-panel widget widget_sow-image panel-first-child panel-last-child\" data-index=\"2\" ><div\n\t\t\t\n\t\t\tclass=\"so-widget-sow-image so-widget-sow-image-default-c67d20f9f743-1384\"\n\t\t\t\n\t\t>\n\n<div class=\"sow-image-container\">\n\t\t<img loading=\"lazy\" decoding=\"async\" src=\"https:\/\/i0.wp.com\/www.ambroise-bouvier.com\/wp-content\/uploads\/2017\/10\/engagement_securite1.png?fit=317%2C238&amp;ssl=1\" width=\"317\" height=\"238\" srcset=\"https:\/\/i0.wp.com\/www.ambroise-bouvier.com\/wp-content\/uploads\/2017\/10\/engagement_securite1.png?w=317&amp;ssl=1 317w, https:\/\/i0.wp.com\/www.ambroise-bouvier.com\/wp-content\/uploads\/2017\/10\/engagement_securite1.png?resize=300%2C225&amp;ssl=1 300w\" alt=\"\" \t\tclass=\"so-widget-image\"\/>\n\t<\/div>\n\n<\/div><\/div><\/div><\/div><\/div>","protected":false},"excerpt":{"rendered":"<p>Assurer la s\u00e9curit\u00e9 des hommes et des biens : Nous enregistrons 1 accident responsable tous les 800 000 km. Cette performance, nous l\u2019obtenons gr\u00e2ce \u00e0 une politique de formation continue &#8230;<\/p>\n","protected":false},"author":1,"featured_media":0,"parent":1812,"menu_order":0,"comment_status":"closed","ping_status":"closed","template":"","meta":{"jetpack_post_was_ever_published":false,"footnotes":""},"class_list":["post-1384","page","type-page","status-publish","hentry"],"jetpack_sharing_enabled":true,"jetpack_shortlink":"https:\/\/wp.me\/P9jkdM-mk","jetpack_likes_enabled":true,"jetpack-related-posts":[],"_links":{"self":[{"href":"https:\/\/www.ambroise-bouvier.com\/en\/wp-json\/wp\/v2\/pages\/1384\/"}],"collection":[{"href":"https:\/\/www.ambroise-bouvier.com\/en\/wp-json\/wp\/v2\/pages\/"}],"about":[{"href":"https:\/\/www.ambroise-bouvier.com\/en\/wp-json\/wp\/v2\/types\/page\/"}],"author":[{"embeddable":true,"href":"https:\/\/www.ambroise-bouvier.com\/en\/wp-json\/wp\/v2\/users\/1\/"}],"replies":[{"embeddable":true,"href":"https:\/\/www.ambroise-bouvier.com\/en\/wp-json\/wp\/v2\/comments\/?post=1384"}],"version-history":[{"count":14,"href":"https:\/\/www.ambroise-bouvier.com\/en\/wp-json\/wp\/v2\/pages\/1384\/revisions\/"}],"predecessor-version":[{"id":15628,"href":"https:\/\/www.ambroise-bouvier.com\/en\/wp-json\/wp\/v2\/pages\/1384\/revisions\/15628\/"}],"up":[{"embeddable":true,"href":"https:\/\/www.ambroise-bouvier.com\/en\/wp-json\/wp\/v2\/pages\/1812\/"}],"wp:attachment":[{"href":"https:\/\/www.ambroise-bouvier.com\/en\/wp-json\/wp\/v2\/media\/?parent=1384"}],"curies":[{"name":"wp","href":"https:\/\/api.w.org\/{rel}","templated":true}]}}