{"id":1386,"date":"2017-10-17T11:18:08","date_gmt":"2017-10-17T09:18:08","guid":{"rendered":"http:\/\/ambroisezd.cluster023.hosting.ovh.net\/?page_id=1386"},"modified":"2024-02-02T09:21:16","modified_gmt":"2024-02-02T08:21:16","slug":"environnement","status":"publish","type":"page","link":"https:\/\/www.ambroise-bouvier.com\/en\/engagements\/environnement\/","title":{"rendered":"Environnement"},"content":{"rendered":"<div id=\"pl-1386\"  class=\"panel-layout\" ><div id=\"pg-1386-0\"  class=\"panel-grid panel-no-style\" ><div id=\"pgc-1386-0-0\"  class=\"panel-grid-cell\" ><div id=\"panel-1386-0-0-0\" class=\"so-panel widget widget_sow-editor panel-first-child panel-last-child\" data-index=\"0\" ><div\n\t\t\t\n\t\t\tclass=\"so-widget-sow-editor so-widget-sow-editor-base\"\n\t\t\t\n\t\t>\n<div class=\"siteorigin-widget-tinymce textwidget\">\n\t<p>Un mat\u00e9riel et une conduite adapt\u00e9s au respect de l\u2019environnement<\/p>\n<ul>\n<li>Tous nos\u00a0tracteurs sont <strong>certifi\u00e9s EURO 6<\/strong>.<\/li>\n<li>Ambroise Bouvier Transports est labellis\u00e9 \"<strong>Label CO2<\/strong>\" qui pr\u00e9voit une <strong>r\u00e9duction des \u00e9missions de CO2<\/strong> :\n<ul>\n<li>cet objectif impacte donc le choix des pneus, la consommation d\u2019huile, le type de conduite et le suivi des indicateurs.<\/li>\n<li>nous avons int\u00e9gr\u00e9 des formateurs \u00e0 la s\u00e9curit\u00e9 et \u00e0 l\u2019environnement.<\/li>\n<\/ul>\n<\/li>\n<\/ul>\n<\/div>\n<\/div><\/div><\/div><div id=\"pgc-1386-0-1\"  class=\"panel-grid-cell\" ><div id=\"panel-1386-0-1-0\" class=\"so-panel widget widget_sow-image panel-first-child panel-last-child\" data-index=\"1\" ><div\n\t\t\t\n\t\t\tclass=\"so-widget-sow-image so-widget-sow-image-default-8b5b6f678277-1386\"\n\t\t\t\n\t\t>\n\n<div class=\"sow-image-container\">\n\t\t<img loading=\"lazy\" decoding=\"async\" src=\"https:\/\/i0.wp.com\/www.ambroise-bouvier.com\/wp-content\/uploads\/2024\/02\/logo_trv_objectif_co2_2023_2026.png?fit=987%2C1226&amp;ssl=1\" width=\"987\" height=\"1226\" srcset=\"https:\/\/i0.wp.com\/www.ambroise-bouvier.com\/wp-content\/uploads\/2024\/02\/logo_trv_objectif_co2_2023_2026.png?w=987&amp;ssl=1 987w, https:\/\/i0.wp.com\/www.ambroise-bouvier.com\/wp-content\/uploads\/2024\/02\/logo_trv_objectif_co2_2023_2026.png?resize=242%2C300&amp;ssl=1 242w, https:\/\/i0.wp.com\/www.ambroise-bouvier.com\/wp-content\/uploads\/2024\/02\/logo_trv_objectif_co2_2023_2026.png?resize=768%2C954&amp;ssl=1 768w, https:\/\/i0.wp.com\/www.ambroise-bouvier.com\/wp-content\/uploads\/2024\/02\/logo_trv_objectif_co2_2023_2026.png?resize=824%2C1024&amp;ssl=1 824w\" alt=\"\" \t\tclass=\"so-widget-image\"\/>\n\t<\/div>\n\n<\/div><\/div><\/div><\/div><div id=\"pg-1386-1\"  class=\"panel-grid panel-no-style\" ><div id=\"pgc-1386-1-0\"  class=\"panel-grid-cell panel-grid-cell-mobile-last\" ><div id=\"panel-1386-1-0-0\" class=\"so-panel widget widget_sow-editor panel-first-child panel-last-child\" data-index=\"2\" ><div\n\t\t\t\n\t\t\tclass=\"so-widget-sow-editor so-widget-sow-editor-base\"\n\t\t\t\n\t\t><h3 class=\"widget-title\">Un soucis de l'environnement r\u00e9compens\u00e9<\/h3>\n<div class=\"siteorigin-widget-tinymce textwidget\">\n\t<ul>\n<li>Prix ADD Secure EUROPE\u00a0 sur la plus forte r\u00e9duction de CO2 en 2020.<\/li>\n<li>ECOVADIS Gold en 2021.<\/li>\n<li>Note environnement de 70.<\/li>\n<li>Prix ADD Secure France sur la plus forte r\u00e9duction de CO2 en 2022.<\/li>\n<li>Attestation Michelin sur l'utilisation durable des pneus.<\/li>\n<\/ul>\n<\/div>\n<\/div><\/div><\/div><div id=\"pgc-1386-1-1\"  class=\"panel-grid-cell panel-grid-cell-empty\" ><\/div><\/div><div id=\"pg-1386-2\"  class=\"panel-grid panel-no-style\" ><div id=\"pgc-1386-2-0\"  class=\"panel-grid-cell\" ><div id=\"panel-1386-2-0-0\" class=\"so-panel widget widget_lsow-testimonials panel-first-child panel-last-child\" data-index=\"3\" ><div\n\t\t\t\n\t\t\tclass=\"so-widget-lsow-testimonials so-widget-lsow-testimonials-default-d75171398898-1386\"\n\t\t\t\n\t\t>\r\n<div class=\"lsow-testimonials lsow-grid-container  lsow-grid-desktop-2 lsow-grid-tablet-2 lsow-grid-mobile-1\"><div class=\"lsow-grid-item lsow-testimonial \" ><div class=\"lsow-testimonial-text\"><p>\u00abLes formations dispens\u00e9es au sein du groupe s\u2019inscrivent dans une d\u00e9marche d\u2019am\u00e9lioration continue de la conduite. L\u2019objectif \u00e9tant de la rendre plus fluide et de faire en sorte que le conducteur soit plus d\u00e9tendu au volant. En limitant le stress et la fatigue, nous agissons directement sur la s\u00e9curit\u00e9 (pr\u00e9vention des accidents par une meilleure anticipation).<br \/>En outre, gr\u00e2ce \u00e0 ces actions pr\u00e9ventives, le groupe AMBROISE BOUVIER ma\u00eetrise mieux sa consommation de carburant et limite l'usure des \u00e9quipements (freins, embrayage, pneumatiques, ...). Enfin, et ce n\u2019est pas le moindre des avantages \u00e0 l\u2019heure actuelle, nous r\u00e9duisons les \u00e9missions de CO2.\u00bb<\/p><\/div><div class=\"lsow-testimonial-user\"><div class=\"lsow-image-wrapper\"><img loading=\"lazy\" decoding=\"async\" width=\"120\" height=\"120\" src=\"https:\/\/i0.wp.com\/www.ambroise-bouvier.com\/wp-content\/uploads\/2017\/10\/homme1_0.png?resize=120%2C120&amp;ssl=1\" class=\"lsow-image full\" alt=\"\" data-attachment-id=\"1433\" data-permalink=\"https:\/\/www.ambroise-bouvier.com\/en\/references\/cas-clients\/homme1_0\/\" data-orig-file=\"https:\/\/i0.wp.com\/www.ambroise-bouvier.com\/wp-content\/uploads\/2017\/10\/homme1_0.png?fit=120%2C120&amp;ssl=1\" data-orig-size=\"120,120\" data-comments-opened=\"1\" data-image-meta=\"{&quot;aperture&quot;:&quot;0&quot;,&quot;credit&quot;:&quot;&quot;,&quot;camera&quot;:&quot;&quot;,&quot;caption&quot;:&quot;&quot;,&quot;created_timestamp&quot;:&quot;0&quot;,&quot;copyright&quot;:&quot;&quot;,&quot;focal_length&quot;:&quot;0&quot;,&quot;iso&quot;:&quot;0&quot;,&quot;shutter_speed&quot;:&quot;0&quot;,&quot;title&quot;:&quot;&quot;,&quot;orientation&quot;:&quot;0&quot;}\" data-image-title=\"homme1_0\" data-image-description=\"\" data-image-caption=\"\" data-medium-file=\"https:\/\/i0.wp.com\/www.ambroise-bouvier.com\/wp-content\/uploads\/2017\/10\/homme1_0.png?fit=120%2C120&amp;ssl=1\" data-large-file=\"https:\/\/i0.wp.com\/www.ambroise-bouvier.com\/wp-content\/uploads\/2017\/10\/homme1_0.png?fit=120%2C120&amp;ssl=1\" tabindex=\"0\" role=\"button\" \/><\/div><div class=\"lsow-text\"><h3 class=\"lsow-author-name\">Martial Figaro<\/h3><div class=\"lsow-author-credentials\">Formateur Interne, Ambroise Bouvier<\/div><\/div><!-- .lsow-text --><\/div><!-- .lsow-testimonial-user --><\/div><!-- .lsow-testimonial --><div class=\"lsow-grid-item lsow-testimonial \" ><div class=\"lsow-testimonial-text\"><p>\u00abJe suis notamment en charge du suivi des consommations. C'est devenu une vraie priorit\u00e9 au sein du Groupe AMBROISE BOUVIER. Nous avons d\u00e9velopp\u00e9 une politique de sensibilisation de nos conducteurs via un suivi r\u00e9gulier et la prise en charge, par les formateurs r\u00e9f\u00e9rents\u00a0de l\u2019entreprise, des conducteurs \u00e9prouvant le plus de difficult\u00e9s \u00e0 changer leurs habitudes de conduite.<br \/>Si l\u2019ensemble des indicateurs d\u00e9passent les moyennes acceptables, j\u2019appelle les conducteurs concern\u00e9s pour leur rappeler la n\u00e9cessit\u00e9 de modifier leur conduite.<br \/>Je leur communique leurs chiffres et leur donne des indications pour corriger les failles et prendre de meilleures habitudes de conduite.<br \/>Nous arrivons petit \u00e0 petit, \u00e0 faire prendre conscience aux conducteurs qu\u2019il est dans l\u2019int\u00e9r\u00eat de tous de mieux ma\u00eetriser la consommation. C\u2019est \u00e0 la fois un enjeu en terme de gestion, mais \u00e9galement en terme de respect de l\u2019environnement. \u00bb<\/p><\/div><div class=\"lsow-testimonial-user\"><div class=\"lsow-image-wrapper\"><img loading=\"lazy\" decoding=\"async\" width=\"120\" height=\"120\" src=\"https:\/\/i0.wp.com\/www.ambroise-bouvier.com\/wp-content\/uploads\/2017\/10\/femme2_0.png?resize=120%2C120&amp;ssl=1\" class=\"lsow-image full\" alt=\"\" data-attachment-id=\"1768\" data-permalink=\"https:\/\/www.ambroise-bouvier.com\/en\/engagements\/environnement\/femme2_0\/\" data-orig-file=\"https:\/\/i0.wp.com\/www.ambroise-bouvier.com\/wp-content\/uploads\/2017\/10\/femme2_0.png?fit=120%2C120&amp;ssl=1\" data-orig-size=\"120,120\" data-comments-opened=\"1\" data-image-meta=\"{&quot;aperture&quot;:&quot;0&quot;,&quot;credit&quot;:&quot;&quot;,&quot;camera&quot;:&quot;&quot;,&quot;caption&quot;:&quot;&quot;,&quot;created_timestamp&quot;:&quot;0&quot;,&quot;copyright&quot;:&quot;&quot;,&quot;focal_length&quot;:&quot;0&quot;,&quot;iso&quot;:&quot;0&quot;,&quot;shutter_speed&quot;:&quot;0&quot;,&quot;title&quot;:&quot;&quot;,&quot;orientation&quot;:&quot;0&quot;}\" data-image-title=\"femme2_0\" data-image-description=\"\" data-image-caption=\"\" data-medium-file=\"https:\/\/i0.wp.com\/www.ambroise-bouvier.com\/wp-content\/uploads\/2017\/10\/femme2_0.png?fit=120%2C120&amp;ssl=1\" data-large-file=\"https:\/\/i0.wp.com\/www.ambroise-bouvier.com\/wp-content\/uploads\/2017\/10\/femme2_0.png?fit=120%2C120&amp;ssl=1\" tabindex=\"0\" role=\"button\" \/><\/div><div class=\"lsow-text\"><h3 class=\"lsow-author-name\">Delphine Blin<\/h3><div class=\"lsow-author-credentials\">Assistante gestion d'exploitation, Ambroise Bouvier<\/div><\/div><!-- .lsow-text --><\/div><!-- .lsow-testimonial-user --><\/div><!-- .lsow-testimonial --><\/div><!-- .lsow-testimonials --><div class=\"lsow-clear\"><\/div><\/div><\/div><\/div><\/div><\/div>","protected":false},"excerpt":{"rendered":"<p>Un mat\u00e9riel et une conduite adapt\u00e9s au respect de l\u2019environnement Tous nos\u00a0tracteurs sont certifi\u00e9s EURO 6. Ambroise Bouvier Transports est labellis\u00e9 &#8220;Label CO2&#8221; qui pr\u00e9voit une r\u00e9duction des \u00e9missions de &#8230;<\/p>\n","protected":false},"author":1,"featured_media":0,"parent":1812,"menu_order":0,"comment_status":"closed","ping_status":"closed","template":"","meta":{"jetpack_post_was_ever_published":false,"footnotes":""},"class_list":["post-1386","page","type-page","status-publish","hentry"],"jetpack_sharing_enabled":true,"jetpack_shortlink":"https:\/\/wp.me\/P9jkdM-mm","jetpack_likes_enabled":true,"jetpack-related-posts":[],"_links":{"self":[{"href":"https:\/\/www.ambroise-bouvier.com\/en\/wp-json\/wp\/v2\/pages\/1386\/"}],"collection":[{"href":"https:\/\/www.ambroise-bouvier.com\/en\/wp-json\/wp\/v2\/pages\/"}],"about":[{"href":"https:\/\/www.ambroise-bouvier.com\/en\/wp-json\/wp\/v2\/types\/page\/"}],"author":[{"embeddable":true,"href":"https:\/\/www.ambroise-bouvier.com\/en\/wp-json\/wp\/v2\/users\/1\/"}],"replies":[{"embeddable":true,"href":"https:\/\/www.ambroise-bouvier.com\/en\/wp-json\/wp\/v2\/comments\/?post=1386"}],"version-history":[{"count":21,"href":"https:\/\/www.ambroise-bouvier.com\/en\/wp-json\/wp\/v2\/pages\/1386\/revisions\/"}],"predecessor-version":[{"id":18731,"href":"https:\/\/www.ambroise-bouvier.com\/en\/wp-json\/wp\/v2\/pages\/1386\/revisions\/18731\/"}],"up":[{"embeddable":true,"href":"https:\/\/www.ambroise-bouvier.com\/en\/wp-json\/wp\/v2\/pages\/1812\/"}],"wp:attachment":[{"href":"https:\/\/www.ambroise-bouvier.com\/en\/wp-json\/wp\/v2\/media\/?parent=1386"}],"curies":[{"name":"wp","href":"https:\/\/api.w.org\/{rel}","templated":true}]}}