{"id":1392,"date":"2017-10-17T11:19:23","date_gmt":"2017-10-17T09:19:23","guid":{"rendered":"http:\/\/ambroisezd.cluster023.hosting.ovh.net\/?page_id=1392"},"modified":"2017-10-18T14:06:08","modified_gmt":"2017-10-18T12:06:08","slug":"logistique","status":"publish","type":"page","link":"https:\/\/www.ambroise-bouvier.com\/en\/logistique\/","title":{"rendered":"Une logistique Performante !"},"content":{"rendered":"<div id=\"pl-1392\"  class=\"panel-layout\" ><div id=\"pg-1392-0\"  class=\"panel-grid panel-no-style\" ><div id=\"pgc-1392-0-0\"  class=\"panel-grid-cell\" ><div id=\"panel-1392-0-0-0\" class=\"so-panel widget widget_sow-headline panel-first-child panel-last-child\" data-index=\"0\" ><div\n\t\t\t\n\t\t\tclass=\"so-widget-sow-headline so-widget-sow-headline-default-eb58c90b4a68-1392\"\n\t\t\t\n\t\t><div class=\"sow-headline-container \">\n\t\t\t\t\t\t\t<h2 class=\"sow-headline\">\n\t\t\t\t\t\tVOTRE EXIGENCE CHALLENGE NOTRE PERFORMANCE\t\t\t\t\t\t<\/h2>\n\t\t\t\t\t\t\t\t\t\t\t<div class=\"decoration\">\n\t\t\t\t\t\t<div class=\"decoration-inside\"><\/div>\n\t\t\t\t\t<\/div>\n\t\t\t\t\t<\/div>\n<\/div><\/div><\/div><\/div><div id=\"pg-1392-1\"  class=\"panel-grid panel-no-style\" ><div id=\"pgc-1392-1-0\"  class=\"panel-grid-cell\" ><div id=\"panel-1392-1-0-0\" class=\"so-panel widget widget_sow-accordion panel-first-child panel-last-child\" data-index=\"1\" ><div\n\t\t\t\n\t\t\tclass=\"so-widget-sow-accordion so-widget-sow-accordion-default-99be652ed941-1392\"\n\t\t\t\n\t\t><div>\n\t<div class=\"sow-accordion\">\n\t\t\t<div class=\"sow-accordion-panel sow-accordion-panel-open\"\n\t\t\t data-anchor-id=\"pour-vous-garantir\">\n\t\t\t\t<div class=\"sow-accordion-panel-header-container\" role=\"heading\" aria-level=\"2\">\n\t\t\t\t\t<div class=\"sow-accordion-panel-header\" tabindex=\"0\" role=\"button\" id=\"accordion-label-pour-vous-garantir\" aria-controls=\"accordion-content-pour-vous-garantir\" aria-expanded=\"true\">\n\t\t\t\t\t\t<div class=\"sow-accordion-title sow-accordion-title-icon-left\">\n\t\t\t\t\t\t\t\t\t\t\t\t\t\tPOUR VOUS GARANTIR :\t\t\t\t\t\t\t\t\t\t\t\t\t<\/div>\n\t\t\t\t\t\t<div class=\"sow-accordion-open-close-button\">\n\t\t\t\t\t\t\t<div class=\"sow-accordion-open-button\">\n\t\t\t\t\t\t\t\t<span class=\"sow-icon-ionicons\" data-sow-icon=\"&#xf218;\"\n\t\t \n\t\taria-hidden=\"true\"><\/span>\t\t\t\t\t\t\t<\/div>\n\t\t\t\t\t\t\t<div class=\"sow-accordion-close-button\">\n\t\t\t\t\t\t\t\t<span class=\"sow-icon-ionicons\" data-sow-icon=\"&#xf209;\"\n\t\t \n\t\taria-hidden=\"true\"><\/span>\t\t\t\t\t\t\t<\/div>\n\t\t\t\t\t\t<\/div>\n\t\t\t\t\t<\/div>\n\t\t\t\t<\/div>\n\n\t\t\t<div\n\t\t\t\tclass=\"sow-accordion-panel-content\"\n\t\t\t\trole=\"region\"\n\t\t\t\taria-labelledby=\"accordion-label-pour-vous-garantir\"\n\t\t\t\tid=\"accordion-content-pour-vous-garantir\"\n\t\t\t\t\t\t\t>\n\t\t\t\t<div class=\"sow-accordion-panel-border\">\n\t\t\t\t\t<ul>\n<li>WMS Ceritar logirack<\/li>\n<li>R\u00e9activit\u00e9, adaptabilit\u00e9 au march\u00e9<\/li>\n<li>Des d\u00e9lais de livraison courts<\/li>\n<li>La tra\u00e7abilit\u00e9 de vos flux de transport<\/li>\n<li>La fiabilit\u00e9 de vos stocks<\/li>\n<\/ul>\t\t\t\t<\/div>\n\t\t\t<\/div>\n\t\t<\/div>\n\t\t<\/div>\n<\/div>\n<\/div><\/div><\/div><div id=\"pgc-1392-1-1\"  class=\"panel-grid-cell\" ><div id=\"panel-1392-1-1-0\" class=\"so-panel widget widget_sow-accordion panel-first-child panel-last-child\" data-index=\"2\" ><div\n\t\t\t\n\t\t\tclass=\"so-widget-sow-accordion so-widget-sow-accordion-default-99be652ed941-1392\"\n\t\t\t\n\t\t><div>\n\t<div class=\"sow-accordion\">\n\t\t\t<div class=\"sow-accordion-panel sow-accordion-panel-open\"\n\t\t\t data-anchor-id=\"nous-vous-offrons\">\n\t\t\t\t<div class=\"sow-accordion-panel-header-container\" role=\"heading\" aria-level=\"2\">\n\t\t\t\t\t<div class=\"sow-accordion-panel-header\" tabindex=\"0\" role=\"button\" id=\"accordion-label-nous-vous-offrons\" aria-controls=\"accordion-content-nous-vous-offrons\" aria-expanded=\"true\">\n\t\t\t\t\t\t<div class=\"sow-accordion-title sow-accordion-title-icon-left\">\n\t\t\t\t\t\t\t\t\t\t\t\t\t\tNOUS VOUS OFFRONS :\t\t\t\t\t\t\t\t\t\t\t\t\t<\/div>\n\t\t\t\t\t\t<div class=\"sow-accordion-open-close-button\">\n\t\t\t\t\t\t\t<div class=\"sow-accordion-open-button\">\n\t\t\t\t\t\t\t\t<span class=\"sow-icon-ionicons\" data-sow-icon=\"&#xf218;\"\n\t\t \n\t\taria-hidden=\"true\"><\/span>\t\t\t\t\t\t\t<\/div>\n\t\t\t\t\t\t\t<div class=\"sow-accordion-close-button\">\n\t\t\t\t\t\t\t\t<span class=\"sow-icon-ionicons\" data-sow-icon=\"&#xf209;\"\n\t\t \n\t\taria-hidden=\"true\"><\/span>\t\t\t\t\t\t\t<\/div>\n\t\t\t\t\t\t<\/div>\n\t\t\t\t\t<\/div>\n\t\t\t\t<\/div>\n\n\t\t\t<div\n\t\t\t\tclass=\"sow-accordion-panel-content\"\n\t\t\t\trole=\"region\"\n\t\t\t\taria-labelledby=\"accordion-label-nous-vous-offrons\"\n\t\t\t\tid=\"accordion-content-nous-vous-offrons\"\n\t\t\t\t\t\t\t>\n\t\t\t\t<div class=\"sow-accordion-panel-border\">\n\t\t\t\t\t<ul>\n<li>La flexibilit\u00e9 et le dynamisme d\u2019une PME<\/li>\n<li>50 d\u00e9partements desservis sous 24h, 100% des d\u00e9partements fran\u00e7ais livr\u00e9s en\u00a048h<\/li>\n<li>Tous nos v\u00e9hicules sont\u00a0\u00e9quip\u00e9s en informatique embarqu\u00e9e<\/li>\n<li>La gestion informatis\u00e9e des stocks en temps r\u00e9el<\/li>\n<\/ul>\t\t\t\t<\/div>\n\t\t\t<\/div>\n\t\t<\/div>\n\t\t<\/div>\n<\/div>\n<\/div><\/div><\/div><\/div><div id=\"pg-1392-2\"  class=\"panel-grid panel-no-style\" ><div id=\"pgc-1392-2-0\"  class=\"panel-grid-cell\" ><div id=\"panel-1392-2-0-0\" class=\"so-panel widget widget_sow-editor panel-first-child\" data-index=\"3\" ><div\n\t\t\t\n\t\t\tclass=\"so-widget-sow-editor so-widget-sow-editor-base\"\n\t\t\t\n\t\t><h3 class=\"widget-title\">Notre valeur ajout\u00e9e ?<\/h3>\n<div class=\"siteorigin-widget-tinymce textwidget\">\n\t<p>Des prestations de qualit\u00e9\u00a0: nous sommes certifi\u00e9s ISO 9001 version 2008, orient\u00e9e satisfaction client.<\/p>\n<p>Une \u00e9coute attentive gr\u00e2ce \u00e0 un interlocuteur privil\u00e9gi\u00e9 assurant un suivi personnalis\u00e9.<\/p>\n<p>Une offre globale de prestations\u00a0via notre expertise en ing\u00e9nierie des flux int\u00e9gr\u00e9s au sein d\u2019une cellule m\u00e9thode.<\/p>\n<\/div>\n<\/div><\/div><div id=\"panel-1392-2-0-1\" class=\"so-panel widget widget_sow-editor panel-last-child\" data-index=\"4\" ><div\n\t\t\t\n\t\t\tclass=\"so-widget-sow-editor so-widget-sow-editor-base\"\n\t\t\t\n\t\t><h3 class=\"widget-title\">Au service de nos clients :<\/h3>\n<div class=\"siteorigin-widget-tinymce textwidget\">\n\t<p>Industriels\u00a0: automobile, industrie pharmaceutique, cosm\u00e9tiques, emballages, agroalimentaire, plasturgie\u2026<\/p>\n<p>E-commerce<\/p>\n<p>Secteur associatif<\/p>\n<\/div>\n<\/div><\/div><\/div><div id=\"pgc-1392-2-1\"  class=\"panel-grid-cell\" ><div id=\"panel-1392-2-1-0\" class=\"so-panel widget widget_sow-image panel-first-child\" data-index=\"5\" ><div class=\"panel-widget-style panel-widget-style-for-1392-2-1-0\" ><div\n\t\t\t\n\t\t\tclass=\"so-widget-sow-image so-widget-sow-image-default-8b5b6f678277-1392\"\n\t\t\t\n\t\t>\n\n<div class=\"sow-image-container\">\n\t\t<img loading=\"lazy\" decoding=\"async\" src=\"https:\/\/i0.wp.com\/www.ambroise-bouvier.com\/wp-content\/uploads\/2017\/10\/notre_valeur_ajoute.png?fit=317%2C238&amp;ssl=1\" width=\"317\" height=\"238\" srcset=\"https:\/\/i0.wp.com\/www.ambroise-bouvier.com\/wp-content\/uploads\/2017\/10\/notre_valeur_ajoute.png?w=317&amp;ssl=1 317w, https:\/\/i0.wp.com\/www.ambroise-bouvier.com\/wp-content\/uploads\/2017\/10\/notre_valeur_ajoute.png?resize=300%2C225&amp;ssl=1 300w\" alt=\"\" \t\tclass=\"so-widget-image\"\/>\n\t<\/div>\n\n<\/div><\/div><\/div><div id=\"panel-1392-2-1-1\" class=\"so-panel widget widget_sow-image panel-last-child\" data-index=\"6\" ><div class=\"panel-widget-style panel-widget-style-for-1392-2-1-1\" ><div\n\t\t\t\n\t\t\tclass=\"so-widget-sow-image so-widget-sow-image-default-8b5b6f678277-1392\"\n\t\t\t\n\t\t>\n\n<div class=\"sow-image-container\">\n\t\t<img loading=\"lazy\" decoding=\"async\" src=\"https:\/\/i0.wp.com\/www.ambroise-bouvier.com\/wp-content\/uploads\/2017\/10\/au_service_de_nos_clients.png?fit=317%2C238&amp;ssl=1\" width=\"317\" height=\"238\" srcset=\"https:\/\/i0.wp.com\/www.ambroise-bouvier.com\/wp-content\/uploads\/2017\/10\/au_service_de_nos_clients.png?w=317&amp;ssl=1 317w, https:\/\/i0.wp.com\/www.ambroise-bouvier.com\/wp-content\/uploads\/2017\/10\/au_service_de_nos_clients.png?resize=300%2C225&amp;ssl=1 300w\" alt=\"\" \t\tclass=\"so-widget-image\"\/>\n\t<\/div>\n\n<\/div><\/div><\/div><\/div><\/div><\/div>","protected":false},"excerpt":{"rendered":"<p>VOTRE EXIGENCE CHALLENGE NOTRE PERFORMANCE POUR VOUS GARANTIR : WMS Ceritar logirack R\u00e9activit\u00e9, adaptabilit\u00e9 au march\u00e9 Des d\u00e9lais de livraison courts La tra\u00e7abilit\u00e9 de vos flux de transport La fiabilit\u00e9 &#8230;<\/p>\n","protected":false},"author":1,"featured_media":0,"parent":0,"menu_order":0,"comment_status":"closed","ping_status":"closed","template":"","meta":{"jetpack_post_was_ever_published":false,"footnotes":""},"class_list":["post-1392","page","type-page","status-publish","hentry"],"jetpack_sharing_enabled":true,"jetpack_shortlink":"https:\/\/wp.me\/P9jkdM-ms","jetpack_likes_enabled":true,"jetpack-related-posts":[],"_links":{"self":[{"href":"https:\/\/www.ambroise-bouvier.com\/en\/wp-json\/wp\/v2\/pages\/1392\/"}],"collection":[{"href":"https:\/\/www.ambroise-bouvier.com\/en\/wp-json\/wp\/v2\/pages\/"}],"about":[{"href":"https:\/\/www.ambroise-bouvier.com\/en\/wp-json\/wp\/v2\/types\/page\/"}],"author":[{"embeddable":true,"href":"https:\/\/www.ambroise-bouvier.com\/en\/wp-json\/wp\/v2\/users\/1\/"}],"replies":[{"embeddable":true,"href":"https:\/\/www.ambroise-bouvier.com\/en\/wp-json\/wp\/v2\/comments\/?post=1392"}],"version-history":[{"count":36,"href":"https:\/\/www.ambroise-bouvier.com\/en\/wp-json\/wp\/v2\/pages\/1392\/revisions\/"}],"predecessor-version":[{"id":1580,"href":"https:\/\/www.ambroise-bouvier.com\/en\/wp-json\/wp\/v2\/pages\/1392\/revisions\/1580\/"}],"wp:attachment":[{"href":"https:\/\/www.ambroise-bouvier.com\/en\/wp-json\/wp\/v2\/media\/?parent=1392"}],"curies":[{"name":"wp","href":"https:\/\/api.w.org\/{rel}","templated":true}]}}