{"id":1394,"date":"2017-10-17T11:19:45","date_gmt":"2017-10-17T09:19:45","guid":{"rendered":"http:\/\/ambroisezd.cluster023.hosting.ovh.net\/?page_id=1394"},"modified":"2017-10-18T12:29:58","modified_gmt":"2017-10-18T10:29:58","slug":"ingenierie-logistique","status":"publish","type":"page","link":"https:\/\/www.ambroise-bouvier.com\/en\/logistique\/ingenierie-logistique\/","title":{"rendered":"Ing\u00e9nierie Logistique"},"content":{"rendered":"<div id=\"pl-1394\"  class=\"panel-layout\" ><div id=\"pg-1394-0\"  class=\"panel-grid panel-no-style\" ><div id=\"pgc-1394-0-0\"  class=\"panel-grid-cell\" ><div id=\"panel-1394-0-0-0\" class=\"so-panel widget widget_sow-headline panel-first-child\" data-index=\"0\" ><div\n\t\t\t\n\t\t\tclass=\"so-widget-sow-headline so-widget-sow-headline-default-7cd4e931b771-1394\"\n\t\t\t\n\t\t><div class=\"sow-headline-container \">\n\t\t\t\t\t\t\t<h3 class=\"sow-headline\">\n\t\t\t\t\t\tUn Concept d'Ing\u00e9nierie Logistique Innovant\t\t\t\t\t\t<\/h3>\n\t\t\t\t\t\t\t\t\t\t\t<div class=\"decoration\">\n\t\t\t\t\t\t<div class=\"decoration-inside\"><\/div>\n\t\t\t\t\t<\/div>\n\t\t\t\t\t<\/div>\n<\/div><\/div><div id=\"panel-1394-0-0-1\" class=\"so-panel widget widget_sow-image panel-last-child\" data-index=\"1\" ><div class=\"panel-widget-style panel-widget-style-for-1394-0-0-1\" ><div\n\t\t\t\n\t\t\tclass=\"so-widget-sow-image so-widget-sow-image-default-dbf295114b96-1394\"\n\t\t\t\n\t\t>\n\n<div class=\"sow-image-container\">\n\t\t<img loading=\"lazy\" decoding=\"async\" src=\"https:\/\/i0.wp.com\/www.ambroise-bouvier.com\/wp-content\/uploads\/2017\/10\/text_image.png?fit=623%2C242&amp;ssl=1\" width=\"623\" height=\"242\" srcset=\"https:\/\/i0.wp.com\/www.ambroise-bouvier.com\/wp-content\/uploads\/2017\/10\/text_image.png?w=623&amp;ssl=1 623w, https:\/\/i0.wp.com\/www.ambroise-bouvier.com\/wp-content\/uploads\/2017\/10\/text_image.png?resize=300%2C117&amp;ssl=1 300w\" alt=\"\" \t\tclass=\"so-widget-image\"\/>\n\t<\/div>\n\n<\/div><\/div><\/div><\/div><\/div><div id=\"pg-1394-1\"  class=\"panel-grid panel-no-style\" ><div id=\"pgc-1394-1-0\"  class=\"panel-grid-cell\" ><div id=\"panel-1394-1-0-0\" class=\"so-panel widget widget_sow-headline panel-first-child\" data-index=\"2\" ><div\n\t\t\t\n\t\t\tclass=\"so-widget-sow-headline so-widget-sow-headline-default-7cd4e931b771-1394\"\n\t\t\t\n\t\t><div class=\"sow-headline-container \">\n\t\t\t\t\t\t\t<h3 class=\"sow-headline\">\n\t\t\t\t\t\tToute notre ing\u00e9nierie logistique \u00e0 votre service\t\t\t\t\t\t<\/h3>\n\t\t\t\t\t\t\t\t\t\t\t<div class=\"decoration\">\n\t\t\t\t\t\t<div class=\"decoration-inside\"><\/div>\n\t\t\t\t\t<\/div>\n\t\t\t\t\t<\/div>\n<\/div><\/div><div id=\"panel-1394-1-0-1\" class=\"so-panel widget widget_sow-editor panel-last-child\" data-index=\"3\" ><div\n\t\t\t\n\t\t\tclass=\"so-widget-sow-editor so-widget-sow-editor-base\"\n\t\t\t\n\t\t>\n<div class=\"siteorigin-widget-tinymce textwidget\">\n\t<ul>\n<li>\u00c9tude, conduite de projets logistiques<\/li>\n<li>\u00c9laboration et analyse des cahiers des charges<\/li>\n<li>R\u00e9daction des contrats de prestations<\/li>\n<li>R\u00e9daction des manuels de proc\u00e9dure (Plan Qualit\u00e9 Client)<\/li>\n<li>Mise en \u0153uvre et r\u00e9alisation des dossiers\u00a0<\/li>\n<\/ul>\n<\/div>\n<\/div><\/div><\/div><\/div><div id=\"pg-1394-2\"  class=\"panel-grid panel-no-style\" ><div id=\"pgc-1394-2-0\"  class=\"panel-grid-cell\" ><div id=\"panel-1394-2-0-0\" class=\"so-panel widget widget_sow-headline panel-first-child\" data-index=\"4\" ><div\n\t\t\t\n\t\t\tclass=\"so-widget-sow-headline so-widget-sow-headline-default-7cd4e931b771-1394\"\n\t\t\t\n\t\t><div class=\"sow-headline-container \">\n\t\t\t\t\t\t\t<h3 class=\"sow-headline\">\n\t\t\t\t\t\tUn syst\u00e8me d'information adapt\u00e9\t\t\t\t\t\t<\/h3>\n\t\t\t\t\t\t\t\t\t\t\t<div class=\"decoration\">\n\t\t\t\t\t\t<div class=\"decoration-inside\"><\/div>\n\t\t\t\t\t<\/div>\n\t\t\t\t\t<\/div>\n<\/div><\/div><div id=\"panel-1394-2-0-1\" class=\"so-panel widget widget_siteorigin-panels-builder panel-last-child\" data-index=\"5\" ><div id=\"pl-w59e72ad7c6b19\"  class=\"panel-layout\" ><div id=\"pg-w59e72ad7c6b19-0\"  class=\"panel-grid panel-no-style\" ><div id=\"pgc-w59e72ad7c6b19-0-0\"  class=\"panel-grid-cell\" ><div id=\"panel-w59e72ad7c6b19-0-0-0\" class=\"so-panel widget widget_sow-image panel-first-child panel-last-child\" data-index=\"0\" ><div\n\t\t\t\n\t\t\tclass=\"so-widget-sow-image so-widget-sow-image-default-8b5b6f678277\"\n\t\t\t\n\t\t>\n\n<div class=\"sow-image-container\">\n\t\t<img loading=\"lazy\" decoding=\"async\" src=\"https:\/\/i0.wp.com\/www.ambroise-bouvier.com\/wp-content\/uploads\/2017\/10\/ceritar.png?fit=227%2C221&amp;ssl=1\" width=\"227\" height=\"221\" alt=\"\" \t\tclass=\"so-widget-image\"\/>\n\t<\/div>\n\n<\/div><\/div><\/div><div id=\"pgc-w59e72ad7c6b19-0-1\"  class=\"panel-grid-cell\" ><div id=\"panel-w59e72ad7c6b19-0-1-0\" class=\"so-panel widget widget_sow-editor panel-first-child panel-last-child\" data-index=\"1\" ><div\n\t\t\t\n\t\t\tclass=\"so-widget-sow-editor so-widget-sow-editor-base\"\n\t\t\t\n\t\t><h3 class=\"widget-title\">Ceritar Logirack<\/h3>\n<div class=\"siteorigin-widget-tinymce textwidget\">\n\t<ul>\n<li>Logirack permet la gestion informatis\u00e9e de nos\u00a0<strong>entrep\u00f4ts<\/strong>.<\/li>\n<li>Nous utilisons des\u00a0<strong>trackers<\/strong>\u00a0afin de contr\u00f4ler les marchandises de nos entrep\u00f4ts.<\/li>\n<li>Nos clients poss\u00e8dent tous un\u00a0<strong>acc\u00e8s internet<\/strong>\u00a0personnalis\u00e9 pour consulter leurs stocks de marchandises<\/li>\n<\/ul>\n<\/div>\n<\/div><\/div><\/div><\/div><\/div><\/div><\/div><\/div><\/div>","protected":false},"excerpt":{"rendered":"<p>\u00c9tude, conduite de projets logistiques \u00c9laboration et analyse des cahiers des charges R\u00e9daction des contrats de prestations R\u00e9daction des manuels de proc\u00e9dure (Plan Qualit\u00e9 Client) Mise en \u0153uvre et r\u00e9alisation &#8230;<\/p>\n","protected":false},"author":1,"featured_media":0,"parent":1392,"menu_order":0,"comment_status":"closed","ping_status":"closed","template":"","meta":{"jetpack_post_was_ever_published":false,"footnotes":""},"class_list":["post-1394","page","type-page","status-publish","hentry"],"jetpack_sharing_enabled":true,"jetpack_shortlink":"https:\/\/wp.me\/P9jkdM-mu","jetpack_likes_enabled":true,"jetpack-related-posts":[],"_links":{"self":[{"href":"https:\/\/www.ambroise-bouvier.com\/en\/wp-json\/wp\/v2\/pages\/1394\/"}],"collection":[{"href":"https:\/\/www.ambroise-bouvier.com\/en\/wp-json\/wp\/v2\/pages\/"}],"about":[{"href":"https:\/\/www.ambroise-bouvier.com\/en\/wp-json\/wp\/v2\/types\/page\/"}],"author":[{"embeddable":true,"href":"https:\/\/www.ambroise-bouvier.com\/en\/wp-json\/wp\/v2\/users\/1\/"}],"replies":[{"embeddable":true,"href":"https:\/\/www.ambroise-bouvier.com\/en\/wp-json\/wp\/v2\/comments\/?post=1394"}],"version-history":[{"count":23,"href":"https:\/\/www.ambroise-bouvier.com\/en\/wp-json\/wp\/v2\/pages\/1394\/revisions\/"}],"predecessor-version":[{"id":1572,"href":"https:\/\/www.ambroise-bouvier.com\/en\/wp-json\/wp\/v2\/pages\/1394\/revisions\/1572\/"}],"up":[{"embeddable":true,"href":"https:\/\/www.ambroise-bouvier.com\/en\/wp-json\/wp\/v2\/pages\/1392\/"}],"wp:attachment":[{"href":"https:\/\/www.ambroise-bouvier.com\/en\/wp-json\/wp\/v2\/media\/?parent=1394"}],"curies":[{"name":"wp","href":"https:\/\/api.w.org\/{rel}","templated":true}]}}