{"id":1396,"date":"2017-10-17T11:20:02","date_gmt":"2017-10-17T09:20:02","guid":{"rendered":"http:\/\/ambroisezd.cluster023.hosting.ovh.net\/?page_id=1396"},"modified":"2017-10-23T14:59:38","modified_gmt":"2017-10-23T12:59:38","slug":"stockage","status":"publish","type":"page","link":"https:\/\/www.ambroise-bouvier.com\/en\/logistique\/stockage\/","title":{"rendered":"Logistique de Stockage"},"content":{"rendered":"<div id=\"pl-1396\"  class=\"panel-layout\" ><div id=\"pg-1396-0\"  class=\"panel-grid panel-no-style\" ><div id=\"pgc-1396-0-0\"  class=\"panel-grid-cell\" ><div id=\"panel-1396-0-0-0\" class=\"so-panel widget widget_sow-accordion panel-first-child panel-last-child\" data-index=\"0\" ><div\n\t\t\t\n\t\t\tclass=\"so-widget-sow-accordion so-widget-sow-accordion-default-99be652ed941-1396\"\n\t\t\t\n\t\t><div>\n\t<div class=\"sow-accordion\">\n\t\t\t<div class=\"sow-accordion-panel\"\n\t\t\t data-anchor-id=\"stockage\">\n\t\t\t\t<div class=\"sow-accordion-panel-header-container\" role=\"heading\" aria-level=\"2\">\n\t\t\t\t\t<div class=\"sow-accordion-panel-header\" tabindex=\"0\" role=\"button\" id=\"accordion-label-stockage\" aria-controls=\"accordion-content-stockage\" aria-expanded=\"false\">\n\t\t\t\t\t\t<div class=\"sow-accordion-title sow-accordion-title-icon-left\">\n\t\t\t\t\t\t\t\t\t\t\t\t\t\tStockage\t\t\t\t\t\t\t\t\t\t\t\t\t<\/div>\n\t\t\t\t\t\t<div class=\"sow-accordion-open-close-button\">\n\t\t\t\t\t\t\t<div class=\"sow-accordion-open-button\">\n\t\t\t\t\t\t\t\t<span class=\"sow-icon-ionicons\" data-sow-icon=\"&#xf218;\"\n\t\t \n\t\taria-hidden=\"true\"><\/span>\t\t\t\t\t\t\t<\/div>\n\t\t\t\t\t\t\t<div class=\"sow-accordion-close-button\">\n\t\t\t\t\t\t\t\t<span class=\"sow-icon-ionicons\" data-sow-icon=\"&#xf209;\"\n\t\t \n\t\taria-hidden=\"true\"><\/span>\t\t\t\t\t\t\t<\/div>\n\t\t\t\t\t\t<\/div>\n\t\t\t\t\t<\/div>\n\t\t\t\t<\/div>\n\n\t\t\t<div\n\t\t\t\tclass=\"sow-accordion-panel-content\"\n\t\t\t\trole=\"region\"\n\t\t\t\taria-labelledby=\"accordion-label-stockage\"\n\t\t\t\tid=\"accordion-content-stockage\"\n\t\t\t\tstyle=\"display: none;\"\t\t\t>\n\t\t\t\t<div class=\"sow-accordion-panel-border\">\n\t\t\t\t\t<ul>\n<li>R\u00e9ceptions<\/li>\n<li>Stockage en accumulation et en racks<\/li>\n<li>Gestion administrative<\/li>\n<li>Exp\u00e9ditions<\/li>\n<\/ul>\t\t\t\t<\/div>\n\t\t\t<\/div>\n\t\t<\/div>\n\t\t\t<div class=\"sow-accordion-panel\"\n\t\t\t data-anchor-id=\"prestation-logistique-industrie-et-grande-distribution\">\n\t\t\t\t<div class=\"sow-accordion-panel-header-container\" role=\"heading\" aria-level=\"2\">\n\t\t\t\t\t<div class=\"sow-accordion-panel-header\" tabindex=\"0\" role=\"button\" id=\"accordion-label-prestation-logistique-industrie-et-grande-distribution\" aria-controls=\"accordion-content-prestation-logistique-industrie-et-grande-distribution\" aria-expanded=\"false\">\n\t\t\t\t\t\t<div class=\"sow-accordion-title sow-accordion-title-icon-left\">\n\t\t\t\t\t\t\t\t\t\t\t\t\t\tPrestation logistique : industrie et grande distribution\t\t\t\t\t\t\t\t\t\t\t\t\t<\/div>\n\t\t\t\t\t\t<div class=\"sow-accordion-open-close-button\">\n\t\t\t\t\t\t\t<div class=\"sow-accordion-open-button\">\n\t\t\t\t\t\t\t\t<span class=\"sow-icon-ionicons\" data-sow-icon=\"&#xf218;\"\n\t\t \n\t\taria-hidden=\"true\"><\/span>\t\t\t\t\t\t\t<\/div>\n\t\t\t\t\t\t\t<div class=\"sow-accordion-close-button\">\n\t\t\t\t\t\t\t\t<span class=\"sow-icon-ionicons\" data-sow-icon=\"&#xf209;\"\n\t\t \n\t\taria-hidden=\"true\"><\/span>\t\t\t\t\t\t\t<\/div>\n\t\t\t\t\t\t<\/div>\n\t\t\t\t\t<\/div>\n\t\t\t\t<\/div>\n\n\t\t\t<div\n\t\t\t\tclass=\"sow-accordion-panel-content\"\n\t\t\t\trole=\"region\"\n\t\t\t\taria-labelledby=\"accordion-label-prestation-logistique-industrie-et-grande-distribution\"\n\t\t\t\tid=\"accordion-content-prestation-logistique-industrie-et-grande-distribution\"\n\t\t\t\tstyle=\"display: none;\"\t\t\t>\n\t\t\t\t<div class=\"sow-accordion-panel-border\">\n\t\t\t\t\t<ul>\n<li>R\u00e9ceptions<\/li>\n<li>Stockage en accumulation et en racks<\/li>\n<li>D\u00e9potage rempotage de conteneurs<\/li>\n<li>Pr\u00e9paration de commandes, picking<\/li>\n<li>Exp\u00e9ditions<\/li>\n<li>Gestion administrative informatis\u00e9e (Syst\u00e8me LE RAY, Syst\u00e8mes Clients). Lecture code \u00e0 barre, tracking<\/li>\n<li>Edition des BL, \u00e9tat des stocks et des mouvements<\/li>\n<li>Gestion FIFO sur plusieurs crit\u00e8res<\/li>\n<li>Tra\u00e7abilit\u00e9<\/li>\n<li>Gestion des seuils d'alerte, de la DLC<\/li>\n<li>Moyens de transport d\u00e9di\u00e9s g\u00e9r\u00e9s par les entrep\u00f4ts<\/li>\n<\/ul>\t\t\t\t<\/div>\n\t\t\t<\/div>\n\t\t<\/div>\n\t\t\t<div class=\"sow-accordion-panel\"\n\t\t\t data-anchor-id=\"ing%c3%a9nierie-logistique\">\n\t\t\t\t<div class=\"sow-accordion-panel-header-container\" role=\"heading\" aria-level=\"2\">\n\t\t\t\t\t<div class=\"sow-accordion-panel-header\" tabindex=\"0\" role=\"button\" id=\"accordion-label-ing%c3%a9nierie-logistique\" aria-controls=\"accordion-content-ing%c3%a9nierie-logistique\" aria-expanded=\"false\">\n\t\t\t\t\t\t<div class=\"sow-accordion-title sow-accordion-title-icon-left\">\n\t\t\t\t\t\t\t\t\t\t\t\t\t\tIng\u00e9nierie logistique\t\t\t\t\t\t\t\t\t\t\t\t\t<\/div>\n\t\t\t\t\t\t<div class=\"sow-accordion-open-close-button\">\n\t\t\t\t\t\t\t<div class=\"sow-accordion-open-button\">\n\t\t\t\t\t\t\t\t<span class=\"sow-icon-ionicons\" data-sow-icon=\"&#xf218;\"\n\t\t \n\t\taria-hidden=\"true\"><\/span>\t\t\t\t\t\t\t<\/div>\n\t\t\t\t\t\t\t<div class=\"sow-accordion-close-button\">\n\t\t\t\t\t\t\t\t<span class=\"sow-icon-ionicons\" data-sow-icon=\"&#xf209;\"\n\t\t \n\t\taria-hidden=\"true\"><\/span>\t\t\t\t\t\t\t<\/div>\n\t\t\t\t\t\t<\/div>\n\t\t\t\t\t<\/div>\n\t\t\t\t<\/div>\n\n\t\t\t<div\n\t\t\t\tclass=\"sow-accordion-panel-content\"\n\t\t\t\trole=\"region\"\n\t\t\t\taria-labelledby=\"accordion-label-ing%c3%a9nierie-logistique\"\n\t\t\t\tid=\"accordion-content-ing%c3%a9nierie-logistique\"\n\t\t\t\tstyle=\"display: none;\"\t\t\t>\n\t\t\t\t<div class=\"sow-accordion-panel-border\">\n\t\t\t\t\t<ul>\n<li>\u00c9tude, conduite de projets logistiques<\/li>\n<li>\u00c9laboration et analyse des cahiers des charges<\/li>\n<li>R\u00e9daction des contrats de prestations<\/li>\n<li>R\u00e9daction des manuels de proc\u00e9dure (Plan Qualit\u00e9 Client)<\/li>\n<li>Mise en \u0153uvre et r\u00e9alisation des dossiers<\/li>\n<\/ul>\t\t\t\t<\/div>\n\t\t\t<\/div>\n\t\t<\/div>\n\t\t\t<div class=\"sow-accordion-panel\"\n\t\t\t data-anchor-id=\"logistique-automotive-int%c3%a9gr%c3%a9e-dans-l%e2%80%99industrie-automobile\">\n\t\t\t\t<div class=\"sow-accordion-panel-header-container\" role=\"heading\" aria-level=\"2\">\n\t\t\t\t\t<div class=\"sow-accordion-panel-header\" tabindex=\"0\" role=\"button\" id=\"accordion-label-logistique-automotive-int%c3%a9gr%c3%a9e-dans-l%e2%80%99industrie-automobile\" aria-controls=\"accordion-content-logistique-automotive-int%c3%a9gr%c3%a9e-dans-l%e2%80%99industrie-automobile\" aria-expanded=\"false\">\n\t\t\t\t\t\t<div class=\"sow-accordion-title sow-accordion-title-icon-left\">\n\t\t\t\t\t\t\t\t\t\t\t\t\t\tLogistique automotive int\u00e9gr\u00e9e dans l\u2019industrie automobile\t\t\t\t\t\t\t\t\t\t\t\t\t<\/div>\n\t\t\t\t\t\t<div class=\"sow-accordion-open-close-button\">\n\t\t\t\t\t\t\t<div class=\"sow-accordion-open-button\">\n\t\t\t\t\t\t\t\t<span class=\"sow-icon-ionicons\" data-sow-icon=\"&#xf218;\"\n\t\t \n\t\taria-hidden=\"true\"><\/span>\t\t\t\t\t\t\t<\/div>\n\t\t\t\t\t\t\t<div class=\"sow-accordion-close-button\">\n\t\t\t\t\t\t\t\t<span class=\"sow-icon-ionicons\" data-sow-icon=\"&#xf209;\"\n\t\t \n\t\taria-hidden=\"true\"><\/span>\t\t\t\t\t\t\t<\/div>\n\t\t\t\t\t\t<\/div>\n\t\t\t\t\t<\/div>\n\t\t\t\t<\/div>\n\n\t\t\t<div\n\t\t\t\tclass=\"sow-accordion-panel-content\"\n\t\t\t\trole=\"region\"\n\t\t\t\taria-labelledby=\"accordion-label-logistique-automotive-int%c3%a9gr%c3%a9e-dans-l%e2%80%99industrie-automobile\"\n\t\t\t\tid=\"accordion-content-logistique-automotive-int%c3%a9gr%c3%a9e-dans-l%e2%80%99industrie-automobile\"\n\t\t\t\tstyle=\"display: none;\"\t\t\t>\n\t\t\t\t<div class=\"sow-accordion-panel-border\">\n\t\t\t\t\t<ul>\n<li>Transport des approvisionnements en amont<\/li>\n<li>R\u00e9ceptions<\/li>\n<li>Contr\u00f4le qualit\u00e9<\/li>\n<li>Stockage<\/li>\n<li>Gestion informatis\u00e9e des stocks et pilotage des flux<\/li>\n<li>Gestion des approvisionnements<\/li>\n<li>D\u00e9clenchement des commandes<\/li>\n<li>Pr\u00e9paration de commandes, picking<\/li>\n<li>Exp\u00e9ditions<\/li>\n<li>Alimentation des ateliers de finition<\/li>\n<li>Gestion des emballages vides et traitements des d\u00e9chets (DIB)<\/li>\n<li>Navettes de mati\u00e8res premi\u00e8res et composants par camion, d\u00e9chargement \u00e0 quai et approvisionnement des ateliers de fabrication<\/li>\n<li>Navettes des produits finis par camion et d\u00e9chargement \u00e0 quai (synchrone ou RECOR) vers les constructeurs ou les \u00e9quipementiers<\/li>\n<li>Navettes des produits finis par tracteurs \u00e9lectriques et livraison en bord de ligne de montage chez le constructeur<\/li>\n<\/ul>\t\t\t\t<\/div>\n\t\t\t<\/div>\n\t\t<\/div>\n\t\t\t<div class=\"sow-accordion-panel\"\n\t\t\t data-anchor-id=\"manutention\">\n\t\t\t\t<div class=\"sow-accordion-panel-header-container\" role=\"heading\" aria-level=\"2\">\n\t\t\t\t\t<div class=\"sow-accordion-panel-header\" tabindex=\"0\" role=\"button\" id=\"accordion-label-manutention\" aria-controls=\"accordion-content-manutention\" aria-expanded=\"false\">\n\t\t\t\t\t\t<div class=\"sow-accordion-title sow-accordion-title-icon-left\">\n\t\t\t\t\t\t\t\t\t\t\t\t\t\tManutention\t\t\t\t\t\t\t\t\t\t\t\t\t<\/div>\n\t\t\t\t\t\t<div class=\"sow-accordion-open-close-button\">\n\t\t\t\t\t\t\t<div class=\"sow-accordion-open-button\">\n\t\t\t\t\t\t\t\t<span class=\"sow-icon-ionicons\" data-sow-icon=\"&#xf218;\"\n\t\t \n\t\taria-hidden=\"true\"><\/span>\t\t\t\t\t\t\t<\/div>\n\t\t\t\t\t\t\t<div class=\"sow-accordion-close-button\">\n\t\t\t\t\t\t\t\t<span class=\"sow-icon-ionicons\" data-sow-icon=\"&#xf209;\"\n\t\t \n\t\taria-hidden=\"true\"><\/span>\t\t\t\t\t\t\t<\/div>\n\t\t\t\t\t\t<\/div>\n\t\t\t\t\t<\/div>\n\t\t\t\t<\/div>\n\n\t\t\t<div\n\t\t\t\tclass=\"sow-accordion-panel-content\"\n\t\t\t\trole=\"region\"\n\t\t\t\taria-labelledby=\"accordion-label-manutention\"\n\t\t\t\tid=\"accordion-content-manutention\"\n\t\t\t\tstyle=\"display: none;\"\t\t\t>\n\t\t\t\t<div class=\"sow-accordion-panel-border\">\n\t\t\t\t\t<p>Transport, levage, manutention et livraison sur site industriel, sur chantier ou en ferme, de fret palettis\u00e9, de masses indivisibles et de longueurs au moyen de :<\/p>\n<ul>\n<li>Semi-remorques avec chariot embarqu\u00e9<\/li>\n<li>Plateaux avec ridelles et chariot embarqu\u00e9<\/li>\n<li>Plateaux nus<\/li>\n<\/ul>\t\t\t\t<\/div>\n\t\t\t<\/div>\n\t\t<\/div>\n\t\t\t<div class=\"sow-accordion-panel\"\n\t\t\t data-anchor-id=\"affr%c3%a8tement\">\n\t\t\t\t<div class=\"sow-accordion-panel-header-container\" role=\"heading\" aria-level=\"2\">\n\t\t\t\t\t<div class=\"sow-accordion-panel-header\" tabindex=\"0\" role=\"button\" id=\"accordion-label-affr%c3%a8tement\" aria-controls=\"accordion-content-affr%c3%a8tement\" aria-expanded=\"false\">\n\t\t\t\t\t\t<div class=\"sow-accordion-title sow-accordion-title-icon-left\">\n\t\t\t\t\t\t\t\t\t\t\t\t\t\tAffr\u00e8tement\t\t\t\t\t\t\t\t\t\t\t\t\t<\/div>\n\t\t\t\t\t\t<div class=\"sow-accordion-open-close-button\">\n\t\t\t\t\t\t\t<div class=\"sow-accordion-open-button\">\n\t\t\t\t\t\t\t\t<span class=\"sow-icon-ionicons\" data-sow-icon=\"&#xf218;\"\n\t\t \n\t\taria-hidden=\"true\"><\/span>\t\t\t\t\t\t\t<\/div>\n\t\t\t\t\t\t\t<div class=\"sow-accordion-close-button\">\n\t\t\t\t\t\t\t\t<span class=\"sow-icon-ionicons\" data-sow-icon=\"&#xf209;\"\n\t\t \n\t\taria-hidden=\"true\"><\/span>\t\t\t\t\t\t\t<\/div>\n\t\t\t\t\t\t<\/div>\n\t\t\t\t\t<\/div>\n\t\t\t\t<\/div>\n\n\t\t\t<div\n\t\t\t\tclass=\"sow-accordion-panel-content\"\n\t\t\t\trole=\"region\"\n\t\t\t\taria-labelledby=\"accordion-label-affr%c3%a8tement\"\n\t\t\t\tid=\"accordion-content-affr%c3%a8tement\"\n\t\t\t\tstyle=\"display: none;\"\t\t\t>\n\t\t\t\t<div class=\"sow-accordion-panel-border\">\n\t\t\t\t\t<p>Affr\u00e8tement de lots complets et partiels au d\u00e9part et \u00e0 destination toute France et Union Europ\u00e9enne par notre service Affr\u00e8tement en partenariat avec Affr\u00e9t\u00e9s r\u00e9guliers et fid\u00e9lis\u00e9s<\/p>\t\t\t\t<\/div>\n\t\t\t<\/div>\n\t\t<\/div>\n\t\t<\/div>\n<\/div>\n<\/div><\/div><\/div><\/div><\/div>","protected":false},"excerpt":{"rendered":"<p>Stockage R\u00e9ceptions Stockage en accumulation et en racks Gestion administrative Exp\u00e9ditions Prestation logistique : industrie et grande distribution R\u00e9ceptions Stockage en accumulation et en racks D\u00e9potage rempotage de conteneurs Pr\u00e9paration &#8230;<\/p>\n","protected":false},"author":1,"featured_media":0,"parent":1392,"menu_order":0,"comment_status":"closed","ping_status":"closed","template":"","meta":{"jetpack_post_was_ever_published":false,"footnotes":""},"class_list":["post-1396","page","type-page","status-publish","hentry"],"jetpack_sharing_enabled":true,"jetpack_shortlink":"https:\/\/wp.me\/P9jkdM-mw","jetpack_likes_enabled":true,"jetpack-related-posts":[],"_links":{"self":[{"href":"https:\/\/www.ambroise-bouvier.com\/en\/wp-json\/wp\/v2\/pages\/1396\/"}],"collection":[{"href":"https:\/\/www.ambroise-bouvier.com\/en\/wp-json\/wp\/v2\/pages\/"}],"about":[{"href":"https:\/\/www.ambroise-bouvier.com\/en\/wp-json\/wp\/v2\/types\/page\/"}],"author":[{"embeddable":true,"href":"https:\/\/www.ambroise-bouvier.com\/en\/wp-json\/wp\/v2\/users\/1\/"}],"replies":[{"embeddable":true,"href":"https:\/\/www.ambroise-bouvier.com\/en\/wp-json\/wp\/v2\/comments\/?post=1396"}],"version-history":[{"count":5,"href":"https:\/\/www.ambroise-bouvier.com\/en\/wp-json\/wp\/v2\/pages\/1396\/revisions\/"}],"predecessor-version":[{"id":1872,"href":"https:\/\/www.ambroise-bouvier.com\/en\/wp-json\/wp\/v2\/pages\/1396\/revisions\/1872\/"}],"up":[{"embeddable":true,"href":"https:\/\/www.ambroise-bouvier.com\/en\/wp-json\/wp\/v2\/pages\/1392\/"}],"wp:attachment":[{"href":"https:\/\/www.ambroise-bouvier.com\/en\/wp-json\/wp\/v2\/media\/?parent=1396"}],"curies":[{"name":"wp","href":"https:\/\/api.w.org\/{rel}","templated":true}]}}