{"id":1986,"date":"2017-10-24T15:23:10","date_gmt":"2017-10-24T13:23:10","guid":{"rendered":"http:\/\/www.ambroise-bouvier.com\/?page_id=1986"},"modified":"2017-10-24T15:34:41","modified_gmt":"2017-10-24T13:34:41","slug":"mentions-legales","status":"publish","type":"page","link":"https:\/\/www.ambroise-bouvier.com\/en\/mentions-legales\/","title":{"rendered":"Mentions L\u00e9gales"},"content":{"rendered":"<div id=\"pl-1986\"  class=\"panel-layout\" ><div id=\"pg-1986-0\"  class=\"panel-grid panel-no-style\" ><div id=\"pgc-1986-0-0\"  class=\"panel-grid-cell\" ><div id=\"panel-1986-0-0-0\" class=\"so-panel widget widget_sow-editor panel-first-child panel-last-child\" data-index=\"0\" ><div\n\t\t\t\n\t\t\tclass=\"so-widget-sow-editor so-widget-sow-editor-base\"\n\t\t\t\n\t\t>\n<div class=\"siteorigin-widget-tinymce textwidget\">\n\t<p>Le site et son contenu sont r\u00e9gis par le Droit Fran\u00e7ais, et tout litige \u00e9ventuel s\u2019y rapportant sera soumis \u00e0 la comp\u00e9tence des tribunaux fran\u00e7ais.<\/p>\n<h3>Edition, publication<\/h3>\n<p>Editeur du Site : Ambroise Bouvier Transports \u2013 Route Nationale 12 M\u00e9gaudais 53500 Saint Pi\u00e8rre des Landes \u2013 SIREN :\u00a0629 200 791\u00a0\u2013 TVA : FR39 629 200 791\u00a0\u2013 Capital social de\u00a0\u200e1 103 000,00 \u20ac<br \/>Directeur de publication :<br \/>H\u00e9bergeur du Site : OVH, 2 rue Kellermann \u2013 59100 Roubaix \u2013 France<\/p>\n<h3>Propri\u00e9t\u00e9 intellectuelle<\/h3>\n<p>Ce site appartient et est exploit\u00e9 par Ambroise Bouvier Transports. Son contenu (pages, textes, graphiques,\u2026) est prot\u00e9g\u00e9 par les lois en vigueur sur la propri\u00e9t\u00e9 intellectuelle et font l\u2019objet d\u2019une autorisation d\u2019utilisation. Tous les droits concernant les contenus de ce site sont r\u00e9serv\u00e9s. Aucun \u00e9l\u00e9ment composant ce site ne peut \u00eatre copi\u00e9, reproduit, modifi\u00e9, d\u00e9natur\u00e9, transmis, de fa\u00e7on partielle ou int\u00e9grale, sans l\u2019autorisation \u00e9crite et pr\u00e9alable des Ambroise Bouvier Transports. La copie \u00e0 usage priv\u00e9 sur ordinateur personnel est autoris\u00e9e pour usage personnel et non commercial.<\/p>\n<h3>Informations nominatives<\/h3>\n<p>Les donn\u00e9es personnelles des adh\u00e9rents et des professionnels communiqu\u00e9es sur ce site demeurent confidentielles. Elles ne sont collect\u00e9es que pour le bon fonctionnement de son service. Elles ne sont en aucun cas lou\u00e9es ou c\u00e9d\u00e9es \u00e0 des tiers. Ambroise Bouvier Transports a formellement d\u00e9clar\u00e9 la g\u00e9n\u00e9ration de ce fichier \u00e0 la CNIL sous le num\u00e9ro HIA0941705D.<\/p>\n<p>En application de la Loi n\u00b0 78-17 du 6 janvier 1978 relative \u00e0 l\u2019Informatique, aux Fichiers et aux Libert\u00e9s, vous disposez des droits d\u2019opposition (art. 26 de la loi), d\u2019acc\u00e8s (art.34 \u00e0 38 de la loi) et de rectification (art. 36 de la loi) des donn\u00e9es vous concernant. Ainsi, vous pouvez exiger que soient rectifi\u00e9es, compl\u00e9t\u00e9es, mises \u00e0 jour ou effac\u00e9es les informations vous concernant qui sont inexactes, incompl\u00e8tes, \u00e9quivoques, p\u00e9rim\u00e9es ou dont la collecte ou l\u2019utilisation, la communication ou la conservation est interdite.<\/p>\n<p>Pour exercer votre droit d\u2019acc\u00e8s, de modification, de rectification et de suppression des donn\u00e9es personnelles qui vous concernent, vous pouvez en faire la demande par voie postale \u00e0 :\u00a0Ambroise Bouvier Transports \u2013 RN12 M\u00e9gaudais, 53500\u00a0 Saint Pierre Des Landes<\/p>\n<h3>Limitations de responsabilit\u00e9<\/h3>\n<p>Nous nous effor\u00e7ons au mieux de nos possibilit\u00e9s de garantir l\u2019exactitude et la mise \u00e0 jour des informations diffus\u00e9es sur notre site. Nous nous r\u00e9servons le droit de corriger \u00e0 tout moment et sans pr\u00e9avis son contenu. N\u00e9anmoins nous ne pouvons garantir l\u2019exhaustivit\u00e9 ou l\u2019enti\u00e8re exactitude des informations mises \u00e0 la disposition sur le site.<\/p>\n<p>En cons\u00e9quence, nous d\u00e9clinons toute responsabilit\u00e9 pour toute impr\u00e9cision, inexactitude ou omission portant sur des informations disponibles sur le site.<\/p>\n<h3>Disponibilit\u00e9<\/h3>\n<p>Le fonctionnement du site peut \u00eatre affect\u00e9 par des \u00e9v\u00e9nements que nous ne contr\u00f4lons pas, tels que par exemple, des pannes r\u00e9seau ou de transmission entre votre poste informatique, le r\u00e9seau internet, votre fournisseur d\u2019acc\u00e8s, notre h\u00e9bergeur.<\/p>\n<p>Nous, nos fournisseurs de services ou h\u00e9bergeur, nous r\u00e9servons \u00e9galement le droit, \u00e0 tout moment, d\u2019interrompre temporairement, tout ou partie du site pour effectuer des op\u00e9rations de maintenance, des am\u00e9liorations ou des modifications sur le site ou le serveur qui l\u2019h\u00e9berge sans \u00eatre tenus pour responsables de ces suspensions ou interruptions.<\/p>\n<h3>Cr\u00e9dits<\/h3>\n<p>Cr\u00e9ation graphique, cr\u00e9ation web, d\u00e9veloppement, Images &amp; r\u00e9dactionnel : Ambroise Bouvier Transports<\/p>\n<\/div>\n<\/div><\/div><\/div><\/div><\/div>","protected":false},"excerpt":{"rendered":"<p>Le site et son contenu sont r\u00e9gis par le Droit Fran\u00e7ais, et tout litige \u00e9ventuel s\u2019y rapportant sera soumis \u00e0 la comp\u00e9tence des tribunaux fran\u00e7ais. Edition, publication Editeur du Site &#8230;<\/p>\n","protected":false},"author":1,"featured_media":0,"parent":0,"menu_order":0,"comment_status":"closed","ping_status":"closed","template":"","meta":{"jetpack_post_was_ever_published":false,"footnotes":""},"class_list":["post-1986","page","type-page","status-publish","hentry"],"jetpack_sharing_enabled":true,"jetpack_shortlink":"https:\/\/wp.me\/P9jkdM-w2","jetpack_likes_enabled":true,"jetpack-related-posts":[],"_links":{"self":[{"href":"https:\/\/www.ambroise-bouvier.com\/en\/wp-json\/wp\/v2\/pages\/1986\/"}],"collection":[{"href":"https:\/\/www.ambroise-bouvier.com\/en\/wp-json\/wp\/v2\/pages\/"}],"about":[{"href":"https:\/\/www.ambroise-bouvier.com\/en\/wp-json\/wp\/v2\/types\/page\/"}],"author":[{"embeddable":true,"href":"https:\/\/www.ambroise-bouvier.com\/en\/wp-json\/wp\/v2\/users\/1\/"}],"replies":[{"embeddable":true,"href":"https:\/\/www.ambroise-bouvier.com\/en\/wp-json\/wp\/v2\/comments\/?post=1986"}],"version-history":[{"count":5,"href":"https:\/\/www.ambroise-bouvier.com\/en\/wp-json\/wp\/v2\/pages\/1986\/revisions\/"}],"predecessor-version":[{"id":1991,"href":"https:\/\/www.ambroise-bouvier.com\/en\/wp-json\/wp\/v2\/pages\/1986\/revisions\/1991\/"}],"wp:attachment":[{"href":"https:\/\/www.ambroise-bouvier.com\/en\/wp-json\/wp\/v2\/media\/?parent=1986"}],"curies":[{"name":"wp","href":"https:\/\/api.w.org\/{rel}","templated":true}]}}